{"id":5546,"date":"2025-03-12T17:08:34","date_gmt":"2025-03-12T20:08:34","guid":{"rendered":"https:\/\/i5media.com.br\/techtouch\/?post_type=product&#038;p=5546"},"modified":"2025-03-13T11:46:48","modified_gmt":"2025-03-13T14:46:48","slug":"telas-touchscreen","status":"publish","type":"product","link":"https:\/\/i5media.com.br\/techtouch\/produto\/telas-touchscreen\/","title":{"rendered":"Telas Touchscreen"},"content":{"rendered":"<p><strong>Tamanhos \/ polegadas<\/strong><br \/>\n\u2022 17&#8243;; \u2022 18,5&#8243;; \u2022 19&#8243;; \u2022 22&#8243;; \u2022 24&#8243;;<\/p>\n<p><strong>Caracter\u00edsticas<\/strong><br \/>\n\u2022 tamanho: 8.4 polegadas \uff5e 46 polegadas<br \/>\n\u2022 Tecnologia de Onda Ac\u00fastica de Superf\u00edcie (SAW)<br \/>\n\u2022 Feito de vidro puro<br \/>\n\u2022 Mais de 90% de transpar\u00eancia<br \/>\n\u2022 Alta resolu\u00e7\u00e3o 4096 * 4096<br \/>\n\u2022 Nenhum mecanismo de desgaste conhecido<br \/>\n\u2022 Mais de 50.000.000 toques em um \u00fanico ponto<br \/>\n\u2022 Espessura do vidro: 3mm, 4mm.<br \/>\n\u2022 For\u00e7a de toque inferior a 100g (ajust\u00e1vel)<br \/>\n\u2022 Dureza superficial: classifica\u00e7\u00e3o de dureza de Mohs de 7<br \/>\n\u2022 Transmiss\u00e3o de luz: 90 ~ 92%<\/p>\n<p><strong>Funciona com os sistemas operacionais:<\/strong><br \/>\nLinux Ubuntu 10.04, Windows 2000 \/ XP, Windows Vista, Windows 7, Linux, Linux Ubuntu 8.04, Linux Ubuntu 9.04, Linux Debian 5.0 32bit, Linux Debian 5.0 64bit e Linux Suse 11.1\u202f.<\/p>\n<p><strong>Aplica\u00e7\u00e3o:<\/strong><br \/>\n\u2022 Quiosques de ponto de informa\u00e7\u00e3o<br \/>\n\u2022 Vendas de Tickets<br \/>\n\u2022 Cat\u00e1logos eletr\u00f4nicos<br \/>\n\u2022 Jogos, loteria e divers\u00e3o<br \/>\n\u2022 Telefones P\u00fablicos<br \/>\n\u2022 Marketing Multim\u00eddia<br \/>\n\u2022 Transa\u00e7\u00f5es banc\u00e1rias \/ financeiras<br \/>\n\u2022 Salas de controle industrial<br \/>\n\u2022Treinamento baseado em computador<\/p>\n","protected":false},"excerpt":{"rendered":"<p>Esse novo tipo de tecnologia de ondas ac\u00fasticas de superf\u00edcie (patenteado) usa cantos chanfrados na tela sens\u00edvel ao toque de vidro para reduzir o perfil de altura dos transdutores. O resultado \u00e9 uma tela sens\u00edvel ao toque significativamente mais fina que permite um design mais fino do painel e tamb\u00e9m reduz o risco de quebra do transdutor durante o processo de integra\u00e7\u00e3o.<\/p>\n","protected":false},"featured_media":5478,"comment_status":"open","ping_status":"closed","template":"","meta":{"site-sidebar-layout":"default","site-content-layout":"","ast-site-content-layout":"default","site-content-style":"default","site-sidebar-style":"default","ast-global-header-display":"","ast-banner-title-visibility":"","ast-main-header-display":"","ast-hfb-above-header-display":"","ast-hfb-below-header-display":"","ast-hfb-mobile-header-display":"","site-post-title":"","ast-breadcrumbs-content":"","ast-featured-img":"","footer-sml-layout":"","theme-transparent-header-meta":"default","adv-header-id-meta":"","stick-header-meta":"","header-above-stick-meta":"","header-main-stick-meta":"","header-below-stick-meta":"","astra-migrate-meta-layouts":"set","ast-page-background-enabled":"default","ast-page-background-meta":{"desktop":{"background-color":"","background-image":"","background-repeat":"repeat","background-position":"center center","background-size":"auto","background-attachment":"scroll","background-type":"","background-media":"","overlay-type":"","overlay-color":"","overlay-opacity":"","overlay-gradient":""},"tablet":{"background-color":"","background-image":"","background-repeat":"repeat","background-position":"center center","background-size":"auto","background-attachment":"scroll","background-type":"","background-media":"","overlay-type":"","overlay-color":"","overlay-opacity":"","overlay-gradient":""},"mobile":{"background-color":"","background-image":"","background-repeat":"repeat","background-position":"center center","background-size":"auto","background-attachment":"scroll","background-type":"","background-media":"","overlay-type":"","overlay-color":"","overlay-opacity":"","overlay-gradient":""}},"ast-content-background-meta":{"desktop":{"background-color":"var(--ast-global-color-5)","background-image":"","background-repeat":"repeat","background-position":"center center","background-size":"auto","background-attachment":"scroll","background-type":"","background-media":"","overlay-type":"","overlay-color":"","overlay-opacity":"","overlay-gradient":""},"tablet":{"background-color":"var(--ast-global-color-5)","background-image":"","background-repeat":"repeat","background-position":"center center","background-size":"auto","background-attachment":"scroll","background-type":"","background-media":"","overlay-type":"","overlay-color":"","overlay-opacity":"","overlay-gradient":""},"mobile":{"background-color":"var(--ast-global-color-5)","background-image":"","background-repeat":"repeat","background-position":"center center","background-size":"auto","background-attachment":"scroll","background-type":"","background-media":"","overlay-type":"","overlay-color":"","overlay-opacity":"","overlay-gradient":""}},"_joinchat":[]},"product_brand":[],"product_cat":[35],"product_tag":[],"class_list":{"0":"post-5546","1":"product","2":"type-product","3":"status-publish","4":"has-post-thumbnail","6":"product_cat-telas","7":"desktop-align-center","8":"tablet-align-center","9":"mobile-align-center","11":"first","12":"instock","13":"shipping-taxable","14":"purchasable","15":"product-type-simple"},"jetpack_sharing_enabled":true,"_links":{"self":[{"href":"https:\/\/i5media.com.br\/techtouch\/wp-json\/wp\/v2\/product\/5546","targetHints":{"allow":["GET"]}}],"collection":[{"href":"https:\/\/i5media.com.br\/techtouch\/wp-json\/wp\/v2\/product"}],"about":[{"href":"https:\/\/i5media.com.br\/techtouch\/wp-json\/wp\/v2\/types\/product"}],"replies":[{"embeddable":true,"href":"https:\/\/i5media.com.br\/techtouch\/wp-json\/wp\/v2\/comments?post=5546"}],"wp:featuredmedia":[{"embeddable":true,"href":"https:\/\/i5media.com.br\/techtouch\/wp-json\/wp\/v2\/media\/5478"}],"wp:attachment":[{"href":"https:\/\/i5media.com.br\/techtouch\/wp-json\/wp\/v2\/media?parent=5546"}],"wp:term":[{"taxonomy":"product_brand","embeddable":true,"href":"https:\/\/i5media.com.br\/techtouch\/wp-json\/wp\/v2\/product_brand?post=5546"},{"taxonomy":"product_cat","embeddable":true,"href":"https:\/\/i5media.com.br\/techtouch\/wp-json\/wp\/v2\/product_cat?post=5546"},{"taxonomy":"product_tag","embeddable":true,"href":"https:\/\/i5media.com.br\/techtouch\/wp-json\/wp\/v2\/product_tag?post=5546"}],"curies":[{"name":"wp","href":"https:\/\/api.w.org\/{rel}","templated":true}]}}