{"id":5824,"date":"2025-04-26T11:30:15","date_gmt":"2025-04-26T14:30:15","guid":{"rendered":"https:\/\/i5media.com.br\/techtouch\/?page_id=5824"},"modified":"2025-04-26T11:31:23","modified_gmt":"2025-04-26T14:31:23","slug":"atendimento-garantia","status":"publish","type":"page","link":"https:\/\/i5media.com.br\/techtouch\/atendimento-garantia\/","title":{"rendered":"Atendimento \/ Garantia"},"content":{"rendered":"\t\t<div data-elementor-type=\"wp-page\" data-elementor-id=\"5824\" class=\"elementor elementor-5824\" data-elementor-post-type=\"page\">\n\t\t\t\t<div class=\"elementor-element elementor-element-193e9483 e-flex e-con-boxed e-con e-parent\" data-id=\"193e9483\" data-element_type=\"container\">\n\t\t\t\t\t<div class=\"e-con-inner\">\n\t\t\t\t<div class=\"elementor-element elementor-element-3a808d1d elementor-widget elementor-widget-text-editor\" data-id=\"3a808d1d\" data-element_type=\"widget\" data-widget_type=\"text-editor.default\">\n\t\t\t\t<div class=\"elementor-widget-container\">\n\t\t\t\t\t\t\t\t\t<p>Nosso diferencial est\u00e1 no atendimento personalizado, pois buscamos entender a necessidade de nossos clientes e indicar o produto e a solu\u00e7\u00e3o correta.<br><br>Nossa garantia dos monitores completos \u00e9 de 12 meses e dos kit\u2019s touch s\u00e3o de 6 meses. <br><br>Nossas telas s\u00e3o 100% em vidro temperado e com 3,5mm de espessura.<br><br>E nosso p\u00f3s venda \u00e9 o suporte que voc\u00ea precisa para decidir que a TechTouch \u00e9 a melhor op\u00e7\u00e3o para parceria.<br><br>Prezamos por bom atendimento, produto de qualidade e pre\u00e7o justo.<\/p>\t\t\t\t\t\t\t\t<\/div>\n\t\t\t\t<\/div>\n\t\t\t\t\t<\/div>\n\t\t\t\t<\/div>\n\t\t\t\t<\/div>\n\t\t","protected":false},"excerpt":{"rendered":"<p>Nosso diferencial est\u00e1 no atendimento personalizado, pois buscamos entender a necessidade de nossos clientes e indicar o produto e a solu\u00e7\u00e3o correta. Nossa garantia dos monitores completos \u00e9 de 12 meses e dos kit\u2019s touch s\u00e3o de 6 meses. Nossas telas s\u00e3o 100% em vidro temperado e com 3,5mm de espessura. E nosso p\u00f3s venda [&hellip;]<\/p>\n","protected":false},"author":1,"featured_media":0,"parent":0,"menu_order":0,"comment_status":"closed","ping_status":"open","template":"","meta":{"site-sidebar-layout":"default","site-content-layout":"","ast-site-content-layout":"default","site-content-style":"default","site-sidebar-style":"default","ast-global-header-display":"","ast-banner-title-visibility":"","ast-main-header-display":"","ast-hfb-above-header-display":"","ast-hfb-below-header-display":"","ast-hfb-mobile-header-display":"","site-post-title":"","ast-breadcrumbs-content":"","ast-featured-img":"","footer-sml-layout":"","theme-transparent-header-meta":"","adv-header-id-meta":"","stick-header-meta":"","header-above-stick-meta":"","header-main-stick-meta":"","header-below-stick-meta":"","astra-migrate-meta-layouts":"set","ast-page-background-enabled":"default","ast-page-background-meta":{"desktop":{"background-color":"","background-image":"","background-repeat":"repeat","background-position":"center center","background-size":"auto","background-attachment":"scroll","background-type":"","background-media":"","overlay-type":"","overlay-color":"","overlay-opacity":"","overlay-gradient":""},"tablet":{"background-color":"","background-image":"","background-repeat":"repeat","background-position":"center center","background-size":"auto","background-attachment":"scroll","background-type":"","background-media":"","overlay-type":"","overlay-color":"","overlay-opacity":"","overlay-gradient":""},"mobile":{"background-color":"","background-image":"","background-repeat":"repeat","background-position":"center center","background-size":"auto","background-attachment":"scroll","background-type":"","background-media":"","overlay-type":"","overlay-color":"","overlay-opacity":"","overlay-gradient":""}},"ast-content-background-meta":{"desktop":{"background-color":"var(--ast-global-color-5)","background-image":"","background-repeat":"repeat","background-position":"center center","background-size":"auto","background-attachment":"scroll","background-type":"","background-media":"","overlay-type":"","overlay-color":"","overlay-opacity":"","overlay-gradient":""},"tablet":{"background-color":"var(--ast-global-color-5)","background-image":"","background-repeat":"repeat","background-position":"center center","background-size":"auto","background-attachment":"scroll","background-type":"","background-media":"","overlay-type":"","overlay-color":"","overlay-opacity":"","overlay-gradient":""},"mobile":{"background-color":"var(--ast-global-color-5)","background-image":"","background-repeat":"repeat","background-position":"center center","background-size":"auto","background-attachment":"scroll","background-type":"","background-media":"","overlay-type":"","overlay-color":"","overlay-opacity":"","overlay-gradient":""}},"_joinchat":[],"footnotes":""},"class_list":["post-5824","page","type-page","status-publish","hentry"],"jetpack_sharing_enabled":true,"_links":{"self":[{"href":"https:\/\/i5media.com.br\/techtouch\/wp-json\/wp\/v2\/pages\/5824","targetHints":{"allow":["GET"]}}],"collection":[{"href":"https:\/\/i5media.com.br\/techtouch\/wp-json\/wp\/v2\/pages"}],"about":[{"href":"https:\/\/i5media.com.br\/techtouch\/wp-json\/wp\/v2\/types\/page"}],"author":[{"embeddable":true,"href":"https:\/\/i5media.com.br\/techtouch\/wp-json\/wp\/v2\/users\/1"}],"replies":[{"embeddable":true,"href":"https:\/\/i5media.com.br\/techtouch\/wp-json\/wp\/v2\/comments?post=5824"}],"version-history":[{"count":4,"href":"https:\/\/i5media.com.br\/techtouch\/wp-json\/wp\/v2\/pages\/5824\/revisions"}],"predecessor-version":[{"id":5828,"href":"https:\/\/i5media.com.br\/techtouch\/wp-json\/wp\/v2\/pages\/5824\/revisions\/5828"}],"wp:attachment":[{"href":"https:\/\/i5media.com.br\/techtouch\/wp-json\/wp\/v2\/media?parent=5824"}],"curies":[{"name":"wp","href":"https:\/\/api.w.org\/{rel}","templated":true}]}}