{"id":5814,"date":"2025-04-26T11:20:18","date_gmt":"2025-04-26T14:20:18","guid":{"rendered":"https:\/\/i5media.com.br\/techtouch\/?page_id=5814"},"modified":"2025-04-26T11:42:35","modified_gmt":"2025-04-26T14:42:35","slug":"politica-de-privacidade-2","status":"publish","type":"page","link":"https:\/\/i5media.com.br\/techtouch\/politica-de-privacidade-2\/","title":{"rendered":"Pol\u00edtica de privacidade"},"content":{"rendered":"\t\t<div data-elementor-type=\"wp-page\" data-elementor-id=\"5814\" class=\"elementor elementor-5814\" data-elementor-post-type=\"page\">\n\t\t\t\t<div class=\"elementor-element elementor-element-3b870a17 e-flex e-con-boxed e-con e-parent\" data-id=\"3b870a17\" data-element_type=\"container\">\n\t\t\t\t\t<div class=\"e-con-inner\">\n\t\t\t\t<div class=\"elementor-element elementor-element-378b59fd elementor-widget elementor-widget-text-editor\" data-id=\"378b59fd\" data-element_type=\"widget\" data-widget_type=\"text-editor.default\">\n\t\t\t\t<div class=\"elementor-widget-container\">\n\t\t\t\t\t\t\t\t\t<p>N\u00f3s, da <b>TechTouch<\/b>, respeitamos sua privacidade e estamos comprometidos em proteger as suas informa\u00e7\u00f5es pessoais. Ao realizar compras em nosso site, coletamos dados como nome, endere\u00e7o, e-mail e informa\u00e7\u00f5es de pagamento para processar seu pedido de forma segura.<\/p>\n<h4>Esses dados s\u00e3o utilizados exclusivamente para:<\/h4>\n<p>Processar e entregar seu pedido;<br>Enviar atualiza\u00e7\u00f5es sobre o status da compra;<br>Garantir a seguran\u00e7a e a melhoria de nossos servi\u00e7os.<br><br>N\u00e3o compartilhamos suas informa\u00e7\u00f5es pessoais com terceiros, exceto quando necess\u00e1rio para a execu\u00e7\u00e3o do servi\u00e7o (como transportadoras) ou quando exigido por lei.<\/p>\n<p>Armazenamos seus dados de forma segura e adotamos medidas para proteg\u00ea-los contra acessos n\u00e3o autorizados. Voc\u00ea tem o direito de acessar, corrigir ou excluir seus dados a qualquer momento, entrando em contato conosco.<\/p>\n<p>Ao continuar navegando e comprando em nosso site, voc\u00ea concorda com a coleta e uso das informa\u00e7\u00f5es conforme descrito.<\/p>\n<p>Para mais informa\u00e7\u00f5es, entre em contato conosco.<\/p>\t\t\t\t\t\t\t\t<\/div>\n\t\t\t\t<\/div>\n\t\t\t\t\t<\/div>\n\t\t\t\t<\/div>\n\t\t\t\t<\/div>\n\t\t","protected":false},"excerpt":{"rendered":"<p>N\u00f3s, da TechTouch, respeitamos sua privacidade e estamos comprometidos em proteger as suas informa\u00e7\u00f5es pessoais. Ao realizar compras em nosso site, coletamos dados como nome, endere\u00e7o, e-mail e informa\u00e7\u00f5es de pagamento para processar seu pedido de forma segura. Esses dados s\u00e3o utilizados exclusivamente para: Processar e entregar seu pedido;Enviar atualiza\u00e7\u00f5es sobre o status da compra;Garantir [&hellip;]<\/p>\n","protected":false},"author":1,"featured_media":0,"parent":0,"menu_order":0,"comment_status":"closed","ping_status":"open","template":"","meta":{"site-sidebar-layout":"default","site-content-layout":"","ast-site-content-layout":"","site-content-style":"default","site-sidebar-style":"default","ast-global-header-display":"","ast-banner-title-visibility":"","ast-main-header-display":"","ast-hfb-above-header-display":"","ast-hfb-below-header-display":"","ast-hfb-mobile-header-display":"","site-post-title":"","ast-breadcrumbs-content":"","ast-featured-img":"","footer-sml-layout":"","theme-transparent-header-meta":"","adv-header-id-meta":"","stick-header-meta":"","header-above-stick-meta":"","header-main-stick-meta":"","header-below-stick-meta":"","astra-migrate-meta-layouts":"default","ast-page-background-enabled":"default","ast-page-background-meta":{"desktop":{"background-color":"","background-image":"","background-repeat":"repeat","background-position":"center center","background-size":"auto","background-attachment":"scroll","background-type":"","background-media":"","overlay-type":"","overlay-color":"","overlay-opacity":"","overlay-gradient":""},"tablet":{"background-color":"","background-image":"","background-repeat":"repeat","background-position":"center center","background-size":"auto","background-attachment":"scroll","background-type":"","background-media":"","overlay-type":"","overlay-color":"","overlay-opacity":"","overlay-gradient":""},"mobile":{"background-color":"","background-image":"","background-repeat":"repeat","background-position":"center center","background-size":"auto","background-attachment":"scroll","background-type":"","background-media":"","overlay-type":"","overlay-color":"","overlay-opacity":"","overlay-gradient":""}},"ast-content-background-meta":{"desktop":{"background-color":"var(--ast-global-color-5)","background-image":"","background-repeat":"repeat","background-position":"center center","background-size":"auto","background-attachment":"scroll","background-type":"","background-media":"","overlay-type":"","overlay-color":"","overlay-opacity":"","overlay-gradient":""},"tablet":{"background-color":"var(--ast-global-color-5)","background-image":"","background-repeat":"repeat","background-position":"center center","background-size":"auto","background-attachment":"scroll","background-type":"","background-media":"","overlay-type":"","overlay-color":"","overlay-opacity":"","overlay-gradient":""},"mobile":{"background-color":"var(--ast-global-color-5)","background-image":"","background-repeat":"repeat","background-position":"center center","background-size":"auto","background-attachment":"scroll","background-type":"","background-media":"","overlay-type":"","overlay-color":"","overlay-opacity":"","overlay-gradient":""}},"_joinchat":[],"footnotes":""},"class_list":["post-5814","page","type-page","status-publish","hentry"],"jetpack_sharing_enabled":true,"_links":{"self":[{"href":"https:\/\/i5media.com.br\/techtouch\/wp-json\/wp\/v2\/pages\/5814","targetHints":{"allow":["GET"]}}],"collection":[{"href":"https:\/\/i5media.com.br\/techtouch\/wp-json\/wp\/v2\/pages"}],"about":[{"href":"https:\/\/i5media.com.br\/techtouch\/wp-json\/wp\/v2\/types\/page"}],"author":[{"embeddable":true,"href":"https:\/\/i5media.com.br\/techtouch\/wp-json\/wp\/v2\/users\/1"}],"replies":[{"embeddable":true,"href":"https:\/\/i5media.com.br\/techtouch\/wp-json\/wp\/v2\/comments?post=5814"}],"version-history":[{"count":3,"href":"https:\/\/i5media.com.br\/techtouch\/wp-json\/wp\/v2\/pages\/5814\/revisions"}],"predecessor-version":[{"id":5835,"href":"https:\/\/i5media.com.br\/techtouch\/wp-json\/wp\/v2\/pages\/5814\/revisions\/5835"}],"wp:attachment":[{"href":"https:\/\/i5media.com.br\/techtouch\/wp-json\/wp\/v2\/media?parent=5814"}],"curies":[{"name":"wp","href":"https:\/\/api.w.org\/{rel}","templated":true}]}}