{"id":5804,"date":"2025-04-26T11:02:57","date_gmt":"2025-04-26T14:02:57","guid":{"rendered":"https:\/\/i5media.com.br\/techtouch\/?page_id=5804"},"modified":"2025-05-30T10:56:32","modified_gmt":"2025-05-30T13:56:32","slug":"servicos-de-manutencao","status":"publish","type":"page","link":"https:\/\/i5media.com.br\/techtouch\/pagina-exemplo\/servicos-de-manutencao\/","title":{"rendered":"Servi\u00e7os de Manuten\u00e7\u00e3o"},"content":{"rendered":"\t\t<div data-elementor-type=\"wp-post\" data-elementor-id=\"5804\" class=\"elementor elementor-5804\" data-elementor-post-type=\"page\">\n\t\t\t\t<div class=\"elementor-element elementor-element-dfdc5a6 e-flex e-con-boxed e-con e-parent\" data-id=\"dfdc5a6\" data-element_type=\"container\" data-settings=\"{&quot;background_background&quot;:&quot;classic&quot;}\">\n\t\t\t\t\t<div class=\"e-con-inner\">\n\t\t<div class=\"elementor-element elementor-element-1eaf493 e-con-full e-flex e-con e-child\" data-id=\"1eaf493\" data-element_type=\"container\">\n\t\t\t\t<div class=\"elementor-element elementor-element-2ea6a7d elementor-widget elementor-widget-heading\" data-id=\"2ea6a7d\" data-element_type=\"widget\" data-widget_type=\"heading.default\">\n\t\t\t\t<div class=\"elementor-widget-container\">\n\t\t\t\t\t<h1 class=\"elementor-heading-title elementor-size-default\">Servi\u00e7os de Manuten\u00e7\u00e3o<\/h1>\t\t\t\t<\/div>\n\t\t\t\t<\/div>\n\t\t\t\t<\/div>\n\t\t\t\t\t<\/div>\n\t\t\t\t<\/div>\n\t\t<div class=\"elementor-element elementor-element-748980c e-flex e-con-boxed e-con e-parent\" data-id=\"748980c\" data-element_type=\"container\" data-settings=\"{&quot;background_background&quot;:&quot;classic&quot;}\">\n\t\t\t\t\t<div class=\"e-con-inner\">\n\t\t<div class=\"elementor-element elementor-element-9945606 e-con-full e-flex e-con e-child\" data-id=\"9945606\" data-element_type=\"container\">\n\t\t\t\t<div class=\"elementor-element elementor-element-fe4d709 elementor-widget elementor-widget-text-editor\" data-id=\"fe4d709\" data-element_type=\"widget\" data-widget_type=\"text-editor.default\">\n\t\t\t\t<div class=\"elementor-widget-container\">\n\t\t\t\t\t\t\t\t\t<p><b>Seu Monitor Touchscreen Parou de Funcionar? <\/b><br>A TechTouch Tem a Solu\u00e7\u00e3o!<\/p>\n<p>Se o seu monitor touchscreen quebrou a tela, parou de funcionar ou apresentou algum problema, n\u00e3o se preocupe! Na TechTouch, oferecemos servi\u00e7os de manuten\u00e7\u00e3o especializados para garantir que seu equipamento volte a funcionar como novo, com todo o cuidado e aten\u00e7\u00e3o que ele merece.<\/p>\n<p>Nosso time de profissionais est\u00e1 pronto para diagnosticar e reparar o seu monitor com a m\u00e1xima qualidade e agilidade. Realizamos servi\u00e7os de manuten\u00e7\u00e3o de forma cuidadosa e com pe\u00e7as de alta qualidade, para que voc\u00ea n\u00e3o precise se preocupar com mais nada.<\/p>\n<h4>Nossos servi\u00e7os incluem:<\/h4>\n<p><ul><li>Limpeza Completa \u2013 Deixe seu monitor limpo e livre de impurezas que possam afetar seu desempenho.<\/li><li>Troca de Tela Touch \u2013 Se a tela de toque quebrou ou n\u00e3o responde, trocamos com precis\u00e3o.<\/li><li>Troca de Controladora \u2013 Substitu\u00edmos a controladora para melhorar a performance do seu monitor.<\/li><li>Troca de Display \u2013 Se o display estiver com defeito, realizamos a troca para um novo.<\/li><li>Troca de PCI \u2013 Realizamos a substitui\u00e7\u00e3o de placas PCI para garantir o funcionamento perfeito.<\/li><li>Manuten\u00e7\u00e3o Completa \u2013 Diagn\u00f3stico e reparos gerais, para restaurar o funcionamento do seu monitor.<\/li><li>Upgrade \u2013 Melhorias no desempenho e capacidade do seu equipamento.<\/li><li>Troca de Placa de V\u00eddeo \u2013 Se o problema for na placa de v\u00eddeo, substitu\u00edmos por uma nova.<\/li><li>Troca de Placa Fonte \u2013 Substitu\u00edmos a fonte para garantir que seu monitor funcione sem falhas.<\/li><\/ul><\/p>\n<p>E o melhor: fazemos o or\u00e7amento para voc\u00ea! \u00c9 s\u00f3 enviar o monitor para a nossa equipe, e n\u00f3s cuidamos do resto. Com a TechTouch, voc\u00ea pode confiar que seu equipamento estar\u00e1 em boas m\u00e3os.<\/p>\n<p>Entre em contato e envie seu monitor para n\u00f3s. Vamos dar um jeitinho nele e devolver com a qualidade e efici\u00eancia que s\u00f3 a TechTouch oferece!<\/p>\t\t\t\t\t\t\t\t<\/div>\n\t\t\t\t<\/div>\n\t\t\t\t<\/div>\n\t\t<div class=\"elementor-element elementor-element-f499284 e-con-full e-flex e-con e-child\" data-id=\"f499284\" data-element_type=\"container\">\n\t\t\t\t<div class=\"elementor-element elementor-element-12d7e03 elementor-widget elementor-widget-image\" data-id=\"12d7e03\" data-element_type=\"widget\" data-widget_type=\"image.default\">\n\t\t\t\t<div class=\"elementor-widget-container\">\n\t\t\t\t\t\t\t\t\t\t\t\t\t\t\t<img fetchpriority=\"high\" decoding=\"async\" width=\"600\" height=\"500\" src=\"https:\/\/i5media.com.br\/techtouch\/wp-content\/uploads\/2025\/05\/manutencao.jpeg\" class=\"attachment-large size-large wp-image-5972\" alt=\"\" srcset=\"https:\/\/i5media.com.br\/techtouch\/wp-content\/uploads\/2025\/05\/manutencao.jpeg 600w, https:\/\/i5media.com.br\/techtouch\/wp-content\/uploads\/2025\/05\/manutencao-300x250.jpeg 300w\" sizes=\"(max-width: 600px) 100vw, 600px\" \/>\t\t\t\t\t\t\t\t\t\t\t\t\t\t\t<\/div>\n\t\t\t\t<\/div>\n\t\t\t\t<\/div>\n\t\t\t\t\t<\/div>\n\t\t\t\t<\/div>\n\t\t<div class=\"elementor-element elementor-element-9cc1533 e-flex e-con-boxed e-con e-parent\" data-id=\"9cc1533\" data-element_type=\"container\" data-settings=\"{&quot;background_background&quot;:&quot;classic&quot;}\">\n\t\t\t\t\t<div class=\"e-con-inner\">\n\t\t<div class=\"elementor-element elementor-element-794a9dc2 e-con-full e-flex e-con e-child\" data-id=\"794a9dc2\" data-element_type=\"container\">\n\t\t\t\t<div class=\"elementor-element elementor-element-7654e0b1 elementor-widget elementor-widget-heading\" data-id=\"7654e0b1\" data-element_type=\"widget\" data-widget_type=\"heading.default\">\n\t\t\t\t<div class=\"elementor-widget-container\">\n\t\t\t\t\t<h4 class=\"elementor-heading-title elementor-size-default\">Os n\u00fameros falam por si:<\/h4>\t\t\t\t<\/div>\n\t\t\t\t<\/div>\n\t\t\t\t<\/div>\n\t\t<div class=\"elementor-element elementor-element-447dc611 e-con-full e-flex e-con e-child\" data-id=\"447dc611\" data-element_type=\"container\">\n\t\t\t\t<div class=\"elementor-element elementor-element-765bcd09 elementor-widget elementor-widget-counter\" data-id=\"765bcd09\" data-element_type=\"widget\" data-widget_type=\"counter.default\">\n\t\t\t\t<div class=\"elementor-widget-container\">\n\t\t\t\t\t\t\t<div class=\"elementor-counter\">\n\t\t\t<div class=\"elementor-counter-title\">Produtos selecionados<\/div>\t\t\t<div class=\"elementor-counter-number-wrapper\">\n\t\t\t\t<span class=\"elementor-counter-number-prefix\">+<\/span>\n\t\t\t\t<span class=\"elementor-counter-number\" data-duration=\"2000\" data-to-value=\"30\" data-from-value=\"0\" data-delimiter=\",\">0<\/span>\n\t\t\t\t<span class=\"elementor-counter-number-suffix\"><\/span>\n\t\t\t<\/div>\n\t\t<\/div>\n\t\t\t\t\t\t<\/div>\n\t\t\t\t<\/div>\n\t\t\t\t<\/div>\n\t\t<div class=\"elementor-element elementor-element-1cb74f13 e-con-full e-flex e-con e-child\" data-id=\"1cb74f13\" data-element_type=\"container\">\n\t\t\t\t<div class=\"elementor-element elementor-element-3ea8a88b elementor-widget elementor-widget-counter\" data-id=\"3ea8a88b\" data-element_type=\"widget\" data-widget_type=\"counter.default\">\n\t\t\t\t<div class=\"elementor-widget-container\">\n\t\t\t\t\t\t\t<div class=\"elementor-counter\">\n\t\t\t<div class=\"elementor-counter-title\">anos de experi\u00eancia<\/div>\t\t\t<div class=\"elementor-counter-number-wrapper\">\n\t\t\t\t<span class=\"elementor-counter-number-prefix\">+<\/span>\n\t\t\t\t<span class=\"elementor-counter-number\" data-duration=\"2000\" data-to-value=\"20\" data-from-value=\"0\" data-delimiter=\",\">0<\/span>\n\t\t\t\t<span class=\"elementor-counter-number-suffix\"><\/span>\n\t\t\t<\/div>\n\t\t<\/div>\n\t\t\t\t\t\t<\/div>\n\t\t\t\t<\/div>\n\t\t\t\t<\/div>\n\t\t<div class=\"elementor-element elementor-element-7bd0a509 e-con-full e-flex e-con e-child\" data-id=\"7bd0a509\" data-element_type=\"container\">\n\t\t\t\t<div class=\"elementor-element elementor-element-7a46db24 elementor-widget elementor-widget-counter\" data-id=\"7a46db24\" data-element_type=\"widget\" data-widget_type=\"counter.default\">\n\t\t\t\t<div class=\"elementor-widget-container\">\n\t\t\t\t\t\t\t<div class=\"elementor-counter\">\n\t\t\t<div class=\"elementor-counter-title\">clientes atendidos em todo territ\u00f3rio Nacional<\/div>\t\t\t<div class=\"elementor-counter-number-wrapper\">\n\t\t\t\t<span class=\"elementor-counter-number-prefix\">+<\/span>\n\t\t\t\t<span class=\"elementor-counter-number\" data-duration=\"2000\" data-to-value=\"600\" data-from-value=\"0\" data-delimiter=\",\">0<\/span>\n\t\t\t\t<span class=\"elementor-counter-number-suffix\"><\/span>\n\t\t\t<\/div>\n\t\t<\/div>\n\t\t\t\t\t\t<\/div>\n\t\t\t\t<\/div>\n\t\t\t\t<\/div>\n\t\t<div class=\"elementor-element elementor-element-4befcb47 e-con-full e-flex e-con e-child\" data-id=\"4befcb47\" data-element_type=\"container\">\n\t\t\t\t<div class=\"elementor-element elementor-element-ac1cbe7 elementor-widget elementor-widget-counter\" data-id=\"ac1cbe7\" data-element_type=\"widget\" data-widget_type=\"counter.default\">\n\t\t\t\t<div class=\"elementor-widget-container\">\n\t\t\t\t\t\t\t<div class=\"elementor-counter\">\n\t\t\t<div class=\"elementor-counter-title\">clientes ativos em carteira<\/div>\t\t\t<div class=\"elementor-counter-number-wrapper\">\n\t\t\t\t<span class=\"elementor-counter-number-prefix\">+<\/span>\n\t\t\t\t<span class=\"elementor-counter-number\" data-duration=\"2000\" data-to-value=\"100\" data-from-value=\"0\" data-delimiter=\",\">0<\/span>\n\t\t\t\t<span class=\"elementor-counter-number-suffix\"><\/span>\n\t\t\t<\/div>\n\t\t<\/div>\n\t\t\t\t\t\t<\/div>\n\t\t\t\t<\/div>\n\t\t\t\t<\/div>\n\t\t\t\t\t<\/div>\n\t\t\t\t<\/div>\n\t\t\t\t<\/div>\n\t\t","protected":false},"excerpt":{"rendered":"<p>Seu Monitor Touchscreen Parou de Funcionar? A TechTouch Tem a Solu\u00e7\u00e3o! Se o seu monitor touchscreen quebrou a tela, parou de funcionar ou apresentou algum problema, n\u00e3o se preocupe! Na TechTouch, oferecemos servi\u00e7os de manuten\u00e7\u00e3o especializados para garantir que seu equipamento volte a funcionar como novo, com todo o cuidado e aten\u00e7\u00e3o que ele merece. [&hellip;]<\/p>\n","protected":false},"author":1,"featured_media":0,"parent":2,"menu_order":0,"comment_status":"closed","ping_status":"closed","template":"","meta":{"site-sidebar-layout":"no-sidebar","site-content-layout":"page-builder","ast-site-content-layout":"full-width-container","site-content-style":"unboxed","site-sidebar-style":"unboxed","ast-global-header-display":"","ast-banner-title-visibility":"","ast-main-header-display":"","ast-hfb-above-header-display":"","ast-hfb-below-header-display":"","ast-hfb-mobile-header-display":"","site-post-title":"disabled","ast-breadcrumbs-content":"","ast-featured-img":"disabled","footer-sml-layout":"","theme-transparent-header-meta":"enabled","adv-header-id-meta":"","stick-header-meta":"","header-above-stick-meta":"","header-main-stick-meta":"","header-below-stick-meta":"","astra-migrate-meta-layouts":"set","ast-page-background-enabled":"default","ast-page-background-meta":{"desktop":{"background-color":"","background-image":"","background-repeat":"repeat","background-position":"center center","background-size":"auto","background-attachment":"scroll","background-type":"","background-media":"","overlay-type":"","overlay-color":"","overlay-opacity":"","overlay-gradient":""},"tablet":{"background-color":"","background-image":"","background-repeat":"repeat","background-position":"center center","background-size":"auto","background-attachment":"scroll","background-type":"","background-media":"","overlay-type":"","overlay-color":"","overlay-opacity":"","overlay-gradient":""},"mobile":{"background-color":"","background-image":"","background-repeat":"repeat","background-position":"center center","background-size":"auto","background-attachment":"scroll","background-type":"","background-media":"","overlay-type":"","overlay-color":"","overlay-opacity":"","overlay-gradient":""}},"ast-content-background-meta":{"desktop":{"background-color":"var(--ast-global-color-5)","background-image":"","background-repeat":"repeat","background-position":"center center","background-size":"auto","background-attachment":"scroll","background-type":"","background-media":"","overlay-type":"","overlay-color":"","overlay-opacity":"","overlay-gradient":""},"tablet":{"background-color":"var(--ast-global-color-5)","background-image":"","background-repeat":"repeat","background-position":"center center","background-size":"auto","background-attachment":"scroll","background-type":"","background-media":"","overlay-type":"","overlay-color":"","overlay-opacity":"","overlay-gradient":""},"mobile":{"background-color":"var(--ast-global-color-5)","background-image":"","background-repeat":"repeat","background-position":"center center","background-size":"auto","background-attachment":"scroll","background-type":"","background-media":"","overlay-type":"","overlay-color":"","overlay-opacity":"","overlay-gradient":""}},"_joinchat":[],"footnotes":""},"class_list":["post-5804","page","type-page","status-publish","hentry"],"jetpack_sharing_enabled":true,"_links":{"self":[{"href":"https:\/\/i5media.com.br\/techtouch\/wp-json\/wp\/v2\/pages\/5804","targetHints":{"allow":["GET"]}}],"collection":[{"href":"https:\/\/i5media.com.br\/techtouch\/wp-json\/wp\/v2\/pages"}],"about":[{"href":"https:\/\/i5media.com.br\/techtouch\/wp-json\/wp\/v2\/types\/page"}],"author":[{"embeddable":true,"href":"https:\/\/i5media.com.br\/techtouch\/wp-json\/wp\/v2\/users\/1"}],"replies":[{"embeddable":true,"href":"https:\/\/i5media.com.br\/techtouch\/wp-json\/wp\/v2\/comments?post=5804"}],"version-history":[{"count":10,"href":"https:\/\/i5media.com.br\/techtouch\/wp-json\/wp\/v2\/pages\/5804\/revisions"}],"predecessor-version":[{"id":6000,"href":"https:\/\/i5media.com.br\/techtouch\/wp-json\/wp\/v2\/pages\/5804\/revisions\/6000"}],"up":[{"embeddable":true,"href":"https:\/\/i5media.com.br\/techtouch\/wp-json\/wp\/v2\/pages\/2"}],"wp:attachment":[{"href":"https:\/\/i5media.com.br\/techtouch\/wp-json\/wp\/v2\/media?parent=5804"}],"curies":[{"name":"wp","href":"https:\/\/api.w.org\/{rel}","templated":true}]}}