{"id":5799,"date":"2025-04-26T10:57:50","date_gmt":"2025-04-26T13:57:50","guid":{"rendered":"https:\/\/i5media.com.br\/techtouch\/?page_id=5799"},"modified":"2025-05-30T10:54:58","modified_gmt":"2025-05-30T13:54:58","slug":"locacao","status":"publish","type":"page","link":"https:\/\/i5media.com.br\/techtouch\/pagina-exemplo\/locacao\/","title":{"rendered":"Loca\u00e7\u00e3o"},"content":{"rendered":"\t\t<div data-elementor-type=\"wp-post\" data-elementor-id=\"5799\" class=\"elementor elementor-5799\" data-elementor-post-type=\"page\">\n\t\t\t\t<div class=\"elementor-element elementor-element-dfdc5a6 e-flex e-con-boxed e-con e-parent\" data-id=\"dfdc5a6\" data-element_type=\"container\" data-settings=\"{&quot;background_background&quot;:&quot;classic&quot;}\">\n\t\t\t\t\t<div class=\"e-con-inner\">\n\t\t<div class=\"elementor-element elementor-element-1eaf493 e-con-full e-flex e-con e-child\" data-id=\"1eaf493\" data-element_type=\"container\">\n\t\t\t\t<div class=\"elementor-element elementor-element-2ea6a7d elementor-widget elementor-widget-heading\" data-id=\"2ea6a7d\" data-element_type=\"widget\" data-widget_type=\"heading.default\">\n\t\t\t\t<div class=\"elementor-widget-container\">\n\t\t\t\t\t<h1 class=\"elementor-heading-title elementor-size-default\">Loca\u00e7\u00e3o<\/h1>\t\t\t\t<\/div>\n\t\t\t\t<\/div>\n\t\t\t\t<\/div>\n\t\t\t\t\t<\/div>\n\t\t\t\t<\/div>\n\t\t<div class=\"elementor-element elementor-element-748980c e-flex e-con-boxed e-con e-parent\" data-id=\"748980c\" data-element_type=\"container\" data-settings=\"{&quot;background_background&quot;:&quot;classic&quot;}\">\n\t\t\t\t\t<div class=\"e-con-inner\">\n\t\t<div class=\"elementor-element elementor-element-9945606 e-con-full e-flex e-con e-child\" data-id=\"9945606\" data-element_type=\"container\">\n\t\t\t\t<div class=\"elementor-element elementor-element-fe4d709 elementor-widget elementor-widget-text-editor\" data-id=\"fe4d709\" data-element_type=\"widget\" data-widget_type=\"text-editor.default\">\n\t\t\t\t<div class=\"elementor-widget-container\">\n\t\t\t\t\t\t\t\t\t<p><strong>Loca\u00e7\u00e3o de Monitores Touchscreen<\/strong> \u2013 <em>A Solu\u00e7\u00e3o Ideal para seu Projeto!<\/em><\/p>\n<p>Voc\u00ea est\u00e1 pensando em implementar monitores touchscreen, mas n\u00e3o tem certeza se a compra vale a pena no momento?&nbsp;<\/p><p><b>N\u00f3s temos a solu\u00e7\u00e3o perfeita para voc\u00ea! <\/b><br>Oferecemos loca\u00e7\u00e3o de monitores touchscreen de alta qualidade, com a flexibilidade que sua empresa precisa para testar a tecnologia e desenvolver seus projetos.<\/p>\n<p>Com o nosso servi\u00e7o de loca\u00e7\u00e3o, voc\u00ea pode experimentar os monitores touchscreen em situa\u00e7\u00f5es reais de uso antes de decidir pela compra. Isso permite que voc\u00ea valide a escolha do equipamento, ajuste os detalhes do seu projeto e veja na pr\u00e1tica como ele pode beneficiar o seu neg\u00f3cio, sem compromisso de longo prazo.<\/p>\n<h4>Vantagens da Loca\u00e7\u00e3o:<\/h4>\n<p><ul><li>Teste antes de comprar: Garanta que o monitor atenda todas as suas necessidades sem riscos.<\/li><li>Contratos flex\u00edveis: Oferecemos planos de loca\u00e7\u00e3o de 1, 3, 6 ou 12 meses, com possibilidade de renova\u00e7\u00e3o.<\/li><li>Desenvolvimento do projeto sem pressa: Aproveite o tempo necess\u00e1rio para testar e aprimorar suas solu\u00e7\u00f5es com tecnologia de ponta.<\/li><li>Sem custos de manuten\u00e7\u00e3o: Todos os nossos equipamentos s\u00e3o de alta qualidade e, caso haja necessidade de assist\u00eancia, cuidamos de tudo para voc\u00ea!<\/li><\/ul><\/p>\n<p>Com um contrato simples e sem surpresas, voc\u00ea consegue focar no desenvolvimento do seu projeto enquanto n\u00f3s cuidamos da parte tecnol\u00f3gica.<\/p>\n<p>Entre em contato agora para saber mais sobre como podemos ajudar a viabilizar suas ideias com a loca\u00e7\u00e3o de monitores touchscreen. Teste, desenvolva e tenha a certeza de que est\u00e1 tomando a melhor decis\u00e3o para o seu neg\u00f3cio!<\/p>\t\t\t\t\t\t\t\t<\/div>\n\t\t\t\t<\/div>\n\t\t\t\t<\/div>\n\t\t<div class=\"elementor-element elementor-element-f499284 e-con-full e-flex e-con e-child\" data-id=\"f499284\" data-element_type=\"container\">\n\t\t\t\t<div class=\"elementor-element elementor-element-12d7e03 elementor-widget elementor-widget-image\" data-id=\"12d7e03\" data-element_type=\"widget\" data-widget_type=\"image.default\">\n\t\t\t\t<div class=\"elementor-widget-container\">\n\t\t\t\t\t\t\t\t\t\t\t\t\t\t\t<img fetchpriority=\"high\" decoding=\"async\" width=\"682\" height=\"1024\" src=\"https:\/\/i5media.com.br\/techtouch\/wp-content\/uploads\/2025\/05\/locacao-682x1024.jpeg\" class=\"attachment-large size-large wp-image-5967\" alt=\"\" srcset=\"https:\/\/i5media.com.br\/techtouch\/wp-content\/uploads\/2025\/05\/locacao-682x1024.jpeg 682w, https:\/\/i5media.com.br\/techtouch\/wp-content\/uploads\/2025\/05\/locacao-200x300.jpeg 200w, https:\/\/i5media.com.br\/techtouch\/wp-content\/uploads\/2025\/05\/locacao-768x1152.jpeg 768w, https:\/\/i5media.com.br\/techtouch\/wp-content\/uploads\/2025\/05\/locacao-600x900.jpeg 600w, https:\/\/i5media.com.br\/techtouch\/wp-content\/uploads\/2025\/05\/locacao.jpeg 853w\" sizes=\"(max-width: 682px) 100vw, 682px\" \/>\t\t\t\t\t\t\t\t\t\t\t\t\t\t\t<\/div>\n\t\t\t\t<\/div>\n\t\t\t\t<\/div>\n\t\t\t\t\t<\/div>\n\t\t\t\t<\/div>\n\t\t<div class=\"elementor-element elementor-element-722408b6 e-flex e-con-boxed e-con e-parent\" data-id=\"722408b6\" data-element_type=\"container\" data-settings=\"{&quot;background_background&quot;:&quot;classic&quot;}\">\n\t\t\t\t\t<div class=\"e-con-inner\">\n\t\t<div class=\"elementor-element elementor-element-163e7d0 e-con-full e-flex e-con e-child\" data-id=\"163e7d0\" data-element_type=\"container\">\n\t\t\t\t<div class=\"elementor-element elementor-element-3133ea32 elementor-widget elementor-widget-heading\" data-id=\"3133ea32\" data-element_type=\"widget\" data-widget_type=\"heading.default\">\n\t\t\t\t<div class=\"elementor-widget-container\">\n\t\t\t\t\t<h4 class=\"elementor-heading-title elementor-size-default\">Os n\u00fameros falam por si:<\/h4>\t\t\t\t<\/div>\n\t\t\t\t<\/div>\n\t\t\t\t<\/div>\n\t\t<div class=\"elementor-element elementor-element-4ab377e7 e-con-full e-flex e-con e-child\" data-id=\"4ab377e7\" data-element_type=\"container\">\n\t\t\t\t<div class=\"elementor-element elementor-element-1b0b5ba3 elementor-widget elementor-widget-counter\" data-id=\"1b0b5ba3\" data-element_type=\"widget\" data-widget_type=\"counter.default\">\n\t\t\t\t<div class=\"elementor-widget-container\">\n\t\t\t\t\t\t\t<div class=\"elementor-counter\">\n\t\t\t<div class=\"elementor-counter-title\">Produtos selecionados<\/div>\t\t\t<div class=\"elementor-counter-number-wrapper\">\n\t\t\t\t<span class=\"elementor-counter-number-prefix\">+<\/span>\n\t\t\t\t<span class=\"elementor-counter-number\" data-duration=\"2000\" data-to-value=\"30\" data-from-value=\"0\" data-delimiter=\",\">0<\/span>\n\t\t\t\t<span class=\"elementor-counter-number-suffix\"><\/span>\n\t\t\t<\/div>\n\t\t<\/div>\n\t\t\t\t\t\t<\/div>\n\t\t\t\t<\/div>\n\t\t\t\t<\/div>\n\t\t<div class=\"elementor-element elementor-element-4287978e e-con-full e-flex e-con e-child\" data-id=\"4287978e\" data-element_type=\"container\">\n\t\t\t\t<div class=\"elementor-element elementor-element-154845b0 elementor-widget elementor-widget-counter\" data-id=\"154845b0\" data-element_type=\"widget\" data-widget_type=\"counter.default\">\n\t\t\t\t<div class=\"elementor-widget-container\">\n\t\t\t\t\t\t\t<div class=\"elementor-counter\">\n\t\t\t<div class=\"elementor-counter-title\">anos de experi\u00eancia<\/div>\t\t\t<div class=\"elementor-counter-number-wrapper\">\n\t\t\t\t<span class=\"elementor-counter-number-prefix\">+<\/span>\n\t\t\t\t<span class=\"elementor-counter-number\" data-duration=\"2000\" data-to-value=\"20\" data-from-value=\"0\" data-delimiter=\",\">0<\/span>\n\t\t\t\t<span class=\"elementor-counter-number-suffix\"><\/span>\n\t\t\t<\/div>\n\t\t<\/div>\n\t\t\t\t\t\t<\/div>\n\t\t\t\t<\/div>\n\t\t\t\t<\/div>\n\t\t<div class=\"elementor-element elementor-element-53fae00d e-con-full e-flex e-con e-child\" data-id=\"53fae00d\" data-element_type=\"container\">\n\t\t\t\t<div class=\"elementor-element elementor-element-4bb6d500 elementor-widget elementor-widget-counter\" data-id=\"4bb6d500\" data-element_type=\"widget\" data-widget_type=\"counter.default\">\n\t\t\t\t<div class=\"elementor-widget-container\">\n\t\t\t\t\t\t\t<div class=\"elementor-counter\">\n\t\t\t<div class=\"elementor-counter-title\">clientes atendidos em todo territ\u00f3rio Nacional<\/div>\t\t\t<div class=\"elementor-counter-number-wrapper\">\n\t\t\t\t<span class=\"elementor-counter-number-prefix\">+<\/span>\n\t\t\t\t<span class=\"elementor-counter-number\" data-duration=\"2000\" data-to-value=\"600\" data-from-value=\"0\" data-delimiter=\",\">0<\/span>\n\t\t\t\t<span class=\"elementor-counter-number-suffix\"><\/span>\n\t\t\t<\/div>\n\t\t<\/div>\n\t\t\t\t\t\t<\/div>\n\t\t\t\t<\/div>\n\t\t\t\t<\/div>\n\t\t<div class=\"elementor-element elementor-element-10449a93 e-con-full e-flex e-con e-child\" data-id=\"10449a93\" data-element_type=\"container\">\n\t\t\t\t<div class=\"elementor-element elementor-element-65dffdac elementor-widget elementor-widget-counter\" data-id=\"65dffdac\" data-element_type=\"widget\" data-widget_type=\"counter.default\">\n\t\t\t\t<div class=\"elementor-widget-container\">\n\t\t\t\t\t\t\t<div class=\"elementor-counter\">\n\t\t\t<div class=\"elementor-counter-title\">clientes ativos em carteira<\/div>\t\t\t<div class=\"elementor-counter-number-wrapper\">\n\t\t\t\t<span class=\"elementor-counter-number-prefix\">+<\/span>\n\t\t\t\t<span class=\"elementor-counter-number\" data-duration=\"2000\" data-to-value=\"100\" data-from-value=\"0\" data-delimiter=\",\">0<\/span>\n\t\t\t\t<span class=\"elementor-counter-number-suffix\"><\/span>\n\t\t\t<\/div>\n\t\t<\/div>\n\t\t\t\t\t\t<\/div>\n\t\t\t\t<\/div>\n\t\t\t\t<\/div>\n\t\t\t\t\t<\/div>\n\t\t\t\t<\/div>\n\t\t\t\t<\/div>\n\t\t","protected":false},"excerpt":{"rendered":"<p>Loca\u00e7\u00e3o de Monitores Touchscreen \u2013 A Solu\u00e7\u00e3o Ideal para seu Projeto! Voc\u00ea est\u00e1 pensando em implementar monitores touchscreen, mas n\u00e3o tem certeza se a compra vale a pena no momento?&nbsp; N\u00f3s temos a solu\u00e7\u00e3o perfeita para voc\u00ea! Oferecemos loca\u00e7\u00e3o de monitores touchscreen de alta qualidade, com a flexibilidade que sua empresa precisa para testar a [&hellip;]<\/p>\n","protected":false},"author":1,"featured_media":0,"parent":2,"menu_order":0,"comment_status":"closed","ping_status":"closed","template":"","meta":{"site-sidebar-layout":"no-sidebar","site-content-layout":"page-builder","ast-site-content-layout":"full-width-container","site-content-style":"unboxed","site-sidebar-style":"unboxed","ast-global-header-display":"","ast-banner-title-visibility":"","ast-main-header-display":"","ast-hfb-above-header-display":"","ast-hfb-below-header-display":"","ast-hfb-mobile-header-display":"","site-post-title":"disabled","ast-breadcrumbs-content":"","ast-featured-img":"disabled","footer-sml-layout":"","theme-transparent-header-meta":"enabled","adv-header-id-meta":"","stick-header-meta":"","header-above-stick-meta":"","header-main-stick-meta":"","header-below-stick-meta":"","astra-migrate-meta-layouts":"set","ast-page-background-enabled":"default","ast-page-background-meta":{"desktop":{"background-color":"","background-image":"","background-repeat":"repeat","background-position":"center center","background-size":"auto","background-attachment":"scroll","background-type":"","background-media":"","overlay-type":"","overlay-color":"","overlay-opacity":"","overlay-gradient":""},"tablet":{"background-color":"","background-image":"","background-repeat":"repeat","background-position":"center center","background-size":"auto","background-attachment":"scroll","background-type":"","background-media":"","overlay-type":"","overlay-color":"","overlay-opacity":"","overlay-gradient":""},"mobile":{"background-color":"","background-image":"","background-repeat":"repeat","background-position":"center center","background-size":"auto","background-attachment":"scroll","background-type":"","background-media":"","overlay-type":"","overlay-color":"","overlay-opacity":"","overlay-gradient":""}},"ast-content-background-meta":{"desktop":{"background-color":"var(--ast-global-color-5)","background-image":"","background-repeat":"repeat","background-position":"center center","background-size":"auto","background-attachment":"scroll","background-type":"","background-media":"","overlay-type":"","overlay-color":"","overlay-opacity":"","overlay-gradient":""},"tablet":{"background-color":"var(--ast-global-color-5)","background-image":"","background-repeat":"repeat","background-position":"center center","background-size":"auto","background-attachment":"scroll","background-type":"","background-media":"","overlay-type":"","overlay-color":"","overlay-opacity":"","overlay-gradient":""},"mobile":{"background-color":"var(--ast-global-color-5)","background-image":"","background-repeat":"repeat","background-position":"center center","background-size":"auto","background-attachment":"scroll","background-type":"","background-media":"","overlay-type":"","overlay-color":"","overlay-opacity":"","overlay-gradient":""}},"_joinchat":[],"footnotes":""},"class_list":["post-5799","page","type-page","status-publish","hentry"],"jetpack_sharing_enabled":true,"_links":{"self":[{"href":"https:\/\/i5media.com.br\/techtouch\/wp-json\/wp\/v2\/pages\/5799","targetHints":{"allow":["GET"]}}],"collection":[{"href":"https:\/\/i5media.com.br\/techtouch\/wp-json\/wp\/v2\/pages"}],"about":[{"href":"https:\/\/i5media.com.br\/techtouch\/wp-json\/wp\/v2\/types\/page"}],"author":[{"embeddable":true,"href":"https:\/\/i5media.com.br\/techtouch\/wp-json\/wp\/v2\/users\/1"}],"replies":[{"embeddable":true,"href":"https:\/\/i5media.com.br\/techtouch\/wp-json\/wp\/v2\/comments?post=5799"}],"version-history":[{"count":10,"href":"https:\/\/i5media.com.br\/techtouch\/wp-json\/wp\/v2\/pages\/5799\/revisions"}],"predecessor-version":[{"id":5996,"href":"https:\/\/i5media.com.br\/techtouch\/wp-json\/wp\/v2\/pages\/5799\/revisions\/5996"}],"up":[{"embeddable":true,"href":"https:\/\/i5media.com.br\/techtouch\/wp-json\/wp\/v2\/pages\/2"}],"wp:attachment":[{"href":"https:\/\/i5media.com.br\/techtouch\/wp-json\/wp\/v2\/media?parent=5799"}],"curies":[{"name":"wp","href":"https:\/\/api.w.org\/{rel}","templated":true}]}}