{"id":5775,"date":"2025-04-24T15:03:12","date_gmt":"2025-04-24T18:03:12","guid":{"rendered":"https:\/\/i5media.com.br\/techtouch\/?page_id=5775"},"modified":"2025-05-27T17:33:48","modified_gmt":"2025-05-27T20:33:48","slug":"monitores-touchscreen","status":"publish","type":"page","link":"https:\/\/i5media.com.br\/techtouch\/nossos-produtos\/monitores-touchscreen\/","title":{"rendered":"Monitores Touchscreen"},"content":{"rendered":"\t\t<div data-elementor-type=\"wp-post\" data-elementor-id=\"5775\" class=\"elementor elementor-5775\" data-elementor-post-type=\"page\">\n\t\t\t\t<div class=\"elementor-element elementor-element-dfdc5a6 e-flex e-con-boxed e-con e-parent\" data-id=\"dfdc5a6\" data-element_type=\"container\" data-settings=\"{&quot;background_background&quot;:&quot;classic&quot;}\">\n\t\t\t\t\t<div class=\"e-con-inner\">\n\t\t<div class=\"elementor-element elementor-element-1eaf493 e-con-full e-flex e-con e-child\" data-id=\"1eaf493\" data-element_type=\"container\">\n\t\t\t\t<div class=\"elementor-element elementor-element-2ea6a7d elementor-widget elementor-widget-heading\" data-id=\"2ea6a7d\" data-element_type=\"widget\" data-widget_type=\"heading.default\">\n\t\t\t\t<div class=\"elementor-widget-container\">\n\t\t\t\t\t<h1 class=\"elementor-heading-title elementor-size-default\">Monitores Touchscreen<\/h1>\t\t\t\t<\/div>\n\t\t\t\t<\/div>\n\t\t\t\t<\/div>\n\t\t\t\t\t<\/div>\n\t\t\t\t<\/div>\n\t\t<div class=\"elementor-element elementor-element-748980c e-flex e-con-boxed e-con e-parent\" data-id=\"748980c\" data-element_type=\"container\" data-settings=\"{&quot;background_background&quot;:&quot;classic&quot;}\">\n\t\t\t\t\t<div class=\"e-con-inner\">\n\t\t<div class=\"elementor-element elementor-element-9945606 e-con-full e-flex e-con e-child\" data-id=\"9945606\" data-element_type=\"container\">\n\t\t\t\t<div class=\"elementor-element elementor-element-cc08764 elementor-widget elementor-widget-heading\" data-id=\"cc08764\" data-element_type=\"widget\" data-widget_type=\"heading.default\">\n\t\t\t\t<div class=\"elementor-widget-container\">\n\t\t\t\t\t<h2 class=\"elementor-heading-title elementor-size-default\">Monitores Touchscreen<\/h2>\t\t\t\t<\/div>\n\t\t\t\t<\/div>\n\t\t\t\t<div class=\"elementor-element elementor-element-fe4d709 elementor-widget elementor-widget-text-editor\" data-id=\"fe4d709\" data-element_type=\"widget\" data-widget_type=\"text-editor.default\">\n\t\t\t\t<div class=\"elementor-widget-container\">\n\t\t\t\t\t\t\t\t\t<p>Descubra o Monitor Touchscreen Perfeito para Seu Neg\u00f3cio ou Projeto!<\/p><p>Se voc\u00ea est\u00e1 procurando um monitor touchscreen resistente, de alta performance e com design moderno, temos a solu\u00e7\u00e3o ideal para voc\u00ea! <br \/>Nosso monitor touchscreen \u00e9 equipado com vidro 100% temperado de 3,5mm de espessura, oferecendo uma prote\u00e7\u00e3o antivandalismo incr\u00edvel, ideal para suportar o uso intenso e ambientes desafiadores.<\/p><p>Com a qualidade e a robustez que voc\u00ea precisa, esse monitor \u00e9 perfeito para escrit\u00f3rios, \u00e1reas m\u00e9dicas, projetos interativos, jukeboxes, sistemas de gaming, autoatendimento e muito mais. <br \/>Seja qual for a aplica\u00e7\u00e3o, ele combina alta resist\u00eancia com precis\u00e3o e rapidez no toque, proporcionando uma experi\u00eancia excepcional em qualquer ambiente.<\/p><p>Al\u00e9m disso, temos a op\u00e7\u00e3o de 3 tecnologias de toque para voc\u00ea escolher a que melhor se adapta \u00e0s suas necessidades:<\/p><p><b>\u2022 Tecnologia SAW: <\/b>Ideal para ambientes onde a qualidade de imagem e a sensibilidade precisa s\u00e3o fundamentais. Oferece uma resposta r\u00e1pida e precisa ao toque, com \u00f3tima clareza visual.<\/p><p><b>\u2022 Tecnologia PCAP:<\/b> Perfeita para quem precisa de toques m\u00faltiplos e intera\u00e7\u00f5es r\u00e1pidas. Sua alta sensibilidade e resist\u00eancia garantem uma experi\u00eancia interativa superior, ideal para ambientes modernos.<\/p><p><b>\u2022 Tecnologia Infrared:<\/b> A solu\u00e7\u00e3o antivandalismo e altamente resistente, perfeita para uso cont\u00ednuo em \u00e1reas p\u00fablicas e de alto tr\u00e1fego, com excelente performance em ambientes mais exigentes.<\/p><p>Com esse monitor, voc\u00ea n\u00e3o s\u00f3 melhora a est\u00e9tica e a funcionalidade do seu espa\u00e7o, como tamb\u00e9m garante durabilidade e resist\u00eancia para enfrentar os desafios do dia a dia. <br \/>N\u00e3o importa onde voc\u00ea precise de uma tela sens\u00edvel ao toque, nosso monitor \u00e9 vers\u00e1til, confi\u00e1vel e pronto para atender \u00e0s suas necessidades.<\/p><p>Adquira agora o seu monitor touchscreen e leve seu projeto ou empresa a um novo n\u00edvel de interatividade e inova\u00e7\u00e3o!<\/p>\t\t\t\t\t\t\t\t<\/div>\n\t\t\t\t<\/div>\n\t\t\t\t<\/div>\n\t\t<div class=\"elementor-element elementor-element-f499284 e-con-full e-flex e-con e-child\" data-id=\"f499284\" data-element_type=\"container\">\n\t\t\t\t<div class=\"elementor-element elementor-element-12d7e03 elementor-widget elementor-widget-image\" data-id=\"12d7e03\" data-element_type=\"widget\" data-widget_type=\"image.default\">\n\t\t\t\t<div class=\"elementor-widget-container\">\n\t\t\t\t\t\t\t\t\t\t\t\t\t\t\t<img fetchpriority=\"high\" decoding=\"async\" width=\"1024\" height=\"763\" src=\"https:\/\/i5media.com.br\/techtouch\/wp-content\/uploads\/2025\/05\/monitores-touchscreen-1024x763.jpeg\" class=\"attachment-large size-large wp-image-5927\" alt=\"\" srcset=\"https:\/\/i5media.com.br\/techtouch\/wp-content\/uploads\/2025\/05\/monitores-touchscreen-1024x763.jpeg 1024w, https:\/\/i5media.com.br\/techtouch\/wp-content\/uploads\/2025\/05\/monitores-touchscreen-300x224.jpeg 300w, https:\/\/i5media.com.br\/techtouch\/wp-content\/uploads\/2025\/05\/monitores-touchscreen-768x572.jpeg 768w, https:\/\/i5media.com.br\/techtouch\/wp-content\/uploads\/2025\/05\/monitores-touchscreen-600x447.jpeg 600w, https:\/\/i5media.com.br\/techtouch\/wp-content\/uploads\/2025\/05\/monitores-touchscreen.jpeg 1280w\" sizes=\"(max-width: 1024px) 100vw, 1024px\" \/>\t\t\t\t\t\t\t\t\t\t\t\t\t\t\t<\/div>\n\t\t\t\t<\/div>\n\t\t\t\t<\/div>\n\t\t\t\t\t<\/div>\n\t\t\t\t<\/div>\n\t\t\t\t<\/div>\n\t\t","protected":false},"excerpt":{"rendered":"<p>Monitores Touchscreen Descubra o Monitor Touchscreen Perfeito para Seu Neg\u00f3cio ou Projeto! Se voc\u00ea est\u00e1 procurando um monitor touchscreen resistente, de alta performance e com design moderno, temos a solu\u00e7\u00e3o ideal para voc\u00ea! Nosso monitor touchscreen \u00e9 equipado com vidro 100% temperado de 3,5mm de espessura, oferecendo uma prote\u00e7\u00e3o antivandalismo incr\u00edvel, ideal para suportar o [&hellip;]<\/p>\n","protected":false},"author":1,"featured_media":0,"parent":5682,"menu_order":0,"comment_status":"closed","ping_status":"closed","template":"","meta":{"site-sidebar-layout":"no-sidebar","site-content-layout":"page-builder","ast-site-content-layout":"full-width-container","site-content-style":"unboxed","site-sidebar-style":"unboxed","ast-global-header-display":"","ast-banner-title-visibility":"","ast-main-header-display":"","ast-hfb-above-header-display":"","ast-hfb-below-header-display":"","ast-hfb-mobile-header-display":"","site-post-title":"disabled","ast-breadcrumbs-content":"","ast-featured-img":"disabled","footer-sml-layout":"","theme-transparent-header-meta":"enabled","adv-header-id-meta":"","stick-header-meta":"","header-above-stick-meta":"","header-main-stick-meta":"","header-below-stick-meta":"","astra-migrate-meta-layouts":"set","ast-page-background-enabled":"default","ast-page-background-meta":{"desktop":{"background-color":"","background-image":"","background-repeat":"repeat","background-position":"center center","background-size":"auto","background-attachment":"scroll","background-type":"","background-media":"","overlay-type":"","overlay-color":"","overlay-opacity":"","overlay-gradient":""},"tablet":{"background-color":"","background-image":"","background-repeat":"repeat","background-position":"center center","background-size":"auto","background-attachment":"scroll","background-type":"","background-media":"","overlay-type":"","overlay-color":"","overlay-opacity":"","overlay-gradient":""},"mobile":{"background-color":"","background-image":"","background-repeat":"repeat","background-position":"center center","background-size":"auto","background-attachment":"scroll","background-type":"","background-media":"","overlay-type":"","overlay-color":"","overlay-opacity":"","overlay-gradient":""}},"ast-content-background-meta":{"desktop":{"background-color":"var(--ast-global-color-5)","background-image":"","background-repeat":"repeat","background-position":"center center","background-size":"auto","background-attachment":"scroll","background-type":"","background-media":"","overlay-type":"","overlay-color":"","overlay-opacity":"","overlay-gradient":""},"tablet":{"background-color":"var(--ast-global-color-5)","background-image":"","background-repeat":"repeat","background-position":"center center","background-size":"auto","background-attachment":"scroll","background-type":"","background-media":"","overlay-type":"","overlay-color":"","overlay-opacity":"","overlay-gradient":""},"mobile":{"background-color":"var(--ast-global-color-5)","background-image":"","background-repeat":"repeat","background-position":"center center","background-size":"auto","background-attachment":"scroll","background-type":"","background-media":"","overlay-type":"","overlay-color":"","overlay-opacity":"","overlay-gradient":""}},"_joinchat":[],"footnotes":""},"class_list":["post-5775","page","type-page","status-publish","hentry"],"jetpack_sharing_enabled":true,"_links":{"self":[{"href":"https:\/\/i5media.com.br\/techtouch\/wp-json\/wp\/v2\/pages\/5775","targetHints":{"allow":["GET"]}}],"collection":[{"href":"https:\/\/i5media.com.br\/techtouch\/wp-json\/wp\/v2\/pages"}],"about":[{"href":"https:\/\/i5media.com.br\/techtouch\/wp-json\/wp\/v2\/types\/page"}],"author":[{"embeddable":true,"href":"https:\/\/i5media.com.br\/techtouch\/wp-json\/wp\/v2\/users\/1"}],"replies":[{"embeddable":true,"href":"https:\/\/i5media.com.br\/techtouch\/wp-json\/wp\/v2\/comments?post=5775"}],"version-history":[{"count":7,"href":"https:\/\/i5media.com.br\/techtouch\/wp-json\/wp\/v2\/pages\/5775\/revisions"}],"predecessor-version":[{"id":5930,"href":"https:\/\/i5media.com.br\/techtouch\/wp-json\/wp\/v2\/pages\/5775\/revisions\/5930"}],"up":[{"embeddable":true,"href":"https:\/\/i5media.com.br\/techtouch\/wp-json\/wp\/v2\/pages\/5682"}],"wp:attachment":[{"href":"https:\/\/i5media.com.br\/techtouch\/wp-json\/wp\/v2\/media?parent=5775"}],"curies":[{"name":"wp","href":"https:\/\/api.w.org\/{rel}","templated":true}]}}