{"id":5764,"date":"2025-04-24T14:56:59","date_gmt":"2025-04-24T17:56:59","guid":{"rendered":"https:\/\/i5media.com.br\/techtouch\/?page_id=5764"},"modified":"2025-05-27T16:54:58","modified_gmt":"2025-05-27T19:54:58","slug":"kit-telas-saw","status":"publish","type":"page","link":"https:\/\/i5media.com.br\/techtouch\/nossos-produtos\/kit-telas-saw\/","title":{"rendered":"KIT TELAS SAW"},"content":{"rendered":"\t\t<div data-elementor-type=\"wp-post\" data-elementor-id=\"5764\" class=\"elementor elementor-5764\" data-elementor-post-type=\"page\">\n\t\t\t\t<div class=\"elementor-element elementor-element-dfdc5a6 e-flex e-con-boxed e-con e-parent\" data-id=\"dfdc5a6\" data-element_type=\"container\" data-settings=\"{&quot;background_background&quot;:&quot;classic&quot;}\">\n\t\t\t\t\t<div class=\"e-con-inner\">\n\t\t<div class=\"elementor-element elementor-element-1eaf493 e-con-full e-flex e-con e-child\" data-id=\"1eaf493\" data-element_type=\"container\">\n\t\t\t\t<div class=\"elementor-element elementor-element-2ea6a7d elementor-widget elementor-widget-heading\" data-id=\"2ea6a7d\" data-element_type=\"widget\" data-widget_type=\"heading.default\">\n\t\t\t\t<div class=\"elementor-widget-container\">\n\t\t\t\t\t<h1 class=\"elementor-heading-title elementor-size-default\">KIT TELAS SAW<\/h1>\t\t\t\t<\/div>\n\t\t\t\t<\/div>\n\t\t\t\t<\/div>\n\t\t\t\t\t<\/div>\n\t\t\t\t<\/div>\n\t\t<div class=\"elementor-element elementor-element-748980c e-flex e-con-boxed e-con e-parent\" data-id=\"748980c\" data-element_type=\"container\" data-settings=\"{&quot;background_background&quot;:&quot;classic&quot;}\">\n\t\t\t\t\t<div class=\"e-con-inner\">\n\t\t<div class=\"elementor-element elementor-element-9945606 e-con-full e-flex e-con e-child\" data-id=\"9945606\" data-element_type=\"container\">\n\t\t\t\t<div class=\"elementor-element elementor-element-cc08764 elementor-widget elementor-widget-heading\" data-id=\"cc08764\" data-element_type=\"widget\" data-widget_type=\"heading.default\">\n\t\t\t\t<div class=\"elementor-widget-container\">\n\t\t\t\t\t<h2 class=\"elementor-heading-title elementor-size-default\">Kit Telas SAW<\/h2>\t\t\t\t<\/div>\n\t\t\t\t<\/div>\n\t\t\t\t<div class=\"elementor-element elementor-element-fe4d709 elementor-widget elementor-widget-text-editor\" data-id=\"fe4d709\" data-element_type=\"widget\" data-widget_type=\"text-editor.default\">\n\t\t\t\t<div class=\"elementor-widget-container\">\n\t\t\t\t\t\t\t\t\t<p>Transforme sua tela com a qualidade e durabilidade de um Kit Touch completo!<\/p><p>Se voc\u00ea est\u00e1 buscando uma solu\u00e7\u00e3o confi\u00e1vel e de alto desempenho para instala\u00e7\u00e3o ou substitui\u00e7\u00e3o de telas touchscreen, o <strong>Kit Touch<\/strong> \u00e9 a escolha certa. Ele oferece <strong>resist\u00eancia, precis\u00e3o no toque e qualidade visual superior<\/strong>, tudo em um s\u00f3 pacote.<\/p><p>Nosso kit vem com tudo o que voc\u00ea precisa: <strong>vidro 100% temperado de 3,5mm<\/strong>, controladora, cabo e op\u00e7\u00f5es de conex\u00e3o <strong>USB ou SERIAL<\/strong>, facilitando a instala\u00e7\u00e3o em diferentes tipos de dispositivos. Ideal para <strong>quiosques interativos, pain\u00e9is de controle, sistemas industriais<\/strong> e qualquer aplica\u00e7\u00e3o que exija robustez e desempenho.<br \/><br \/><strong>SAW (Surface Acoustic Wave)<\/strong> \u2013 Toque preciso e imagem de alta defini\u00e7\u00e3o.<\/p><p>Essa tecnologia utiliza ondas sonoras (e n\u00e3o eletricidade ou luz) para detectar o toque, proporcionando:<\/p><ul><li>Imagens com mais clareza e brilho, j\u00e1 que n\u00e3o h\u00e1 camadas que distorcem a luz;<\/li><li>Alta sensibilidade ao toque, mesmo com o uso prolongado;<\/li><li>Durabilidade extrema, com resist\u00eancia a mais de 50 milh\u00f5es de toques no mesmo ponto;<\/li><li>Superf\u00edcie de vidro resistente e f\u00e1cil de limpar.<\/li><\/ul><p><strong>Tamanhos dispon\u00edveis<\/strong>:<\/p><ul><li>17\u201d (Quadrado)<\/li><li>18.5\u201d<\/li><li>19\u201d (Quadrado)<\/li><li>21.5\u201d<\/li><li>24\u201d<\/li><\/ul><p><strong>Por que escolher o Kit Touch?<\/strong><\/p><p>\u2705 Alta durabilidade e resist\u00eancia com vidro temperado de 3,5 mm<br \/>\u2705 Experi\u00eancia de toque fluida e precisa<br \/>\u2705 Compatibilidade com USB e Serial<br \/>\u2705 F\u00e1cil instala\u00e7\u00e3o<br \/>\u2705 Variedade de tamanhos e tecnologias para cada tipo de uso<br \/>\u2705 Design robusto e moderno<\/p><p>N\u00e3o importa qual seja a sua necessidade, temos a tecnologia certa para transformar sua tela em uma interface intuitiva, dur\u00e1vel e de alto desempenho.<\/p><p><strong>Garanta j\u00e1 o seu Kit Touch e leve mais tecnologia, praticidade e qualidade para seus projetos!<\/strong><\/p>\t\t\t\t\t\t\t\t<\/div>\n\t\t\t\t<\/div>\n\t\t\t\t<\/div>\n\t\t<div class=\"elementor-element elementor-element-f499284 e-con-full e-flex e-con e-child\" data-id=\"f499284\" data-element_type=\"container\">\n\t\t\t\t<div class=\"elementor-element elementor-element-12d7e03 elementor-widget elementor-widget-image\" data-id=\"12d7e03\" data-element_type=\"widget\" data-widget_type=\"image.default\">\n\t\t\t\t<div class=\"elementor-widget-container\">\n\t\t\t\t\t\t\t\t\t\t\t\t\t\t\t<img fetchpriority=\"high\" decoding=\"async\" width=\"255\" height=\"198\" src=\"https:\/\/i5media.com.br\/techtouch\/wp-content\/uploads\/2025\/05\/kit-telas-saw.jpeg\" class=\"attachment-large size-large wp-image-5908\" alt=\"\" \/>\t\t\t\t\t\t\t\t\t\t\t\t\t\t\t<\/div>\n\t\t\t\t<\/div>\n\t\t\t\t<\/div>\n\t\t\t\t\t<\/div>\n\t\t\t\t<\/div>\n\t\t<div class=\"elementor-element elementor-element-908f10a elementor-hidden-desktop elementor-hidden-tablet elementor-hidden-mobile e-flex e-con-boxed e-con e-parent\" data-id=\"908f10a\" data-element_type=\"container\" data-settings=\"{&quot;background_background&quot;:&quot;gradient&quot;}\">\n\t\t\t\t\t<div class=\"e-con-inner\">\n\t\t<div class=\"elementor-element elementor-element-ad51ed6 e-con-full e-flex e-con e-child\" data-id=\"ad51ed6\" data-element_type=\"container\" data-settings=\"{&quot;background_background&quot;:&quot;classic&quot;}\">\n\t\t\t\t<div class=\"elementor-element elementor-element-d80f9cd elementor-widget elementor-widget-image\" data-id=\"d80f9cd\" data-element_type=\"widget\" data-widget_type=\"image.default\">\n\t\t\t\t<div class=\"elementor-widget-container\">\n\t\t\t\t\t\t\t\t\t\t\t\t\t\t\t<img decoding=\"async\" width=\"160\" height=\"75\" src=\"https:\/\/i5media.com.br\/techtouch\/wp-content\/uploads\/2025\/03\/logo-150x70.png\" class=\"attachment-large size-large wp-image-7\" alt=\"\" srcset=\"https:\/\/i5media.com.br\/techtouch\/wp-content\/uploads\/2025\/03\/logo.png 160w, https:\/\/i5media.com.br\/techtouch\/wp-content\/uploads\/2025\/03\/logo-150x70.png 150w\" sizes=\"(max-width: 160px) 100vw, 160px\" \/>\t\t\t\t\t\t\t\t\t\t\t\t\t\t\t<\/div>\n\t\t\t\t<\/div>\n\t\t\t\t<div class=\"elementor-element elementor-element-11f5cb9 elementor-widget elementor-widget-spacer\" data-id=\"11f5cb9\" data-element_type=\"widget\" data-widget_type=\"spacer.default\">\n\t\t\t\t<div class=\"elementor-widget-container\">\n\t\t\t\t\t\t\t<div class=\"elementor-spacer\">\n\t\t\t<div class=\"elementor-spacer-inner\"><\/div>\n\t\t<\/div>\n\t\t\t\t\t\t<\/div>\n\t\t\t\t<\/div>\n\t\t\t\t<div class=\"elementor-element elementor-element-e64521b elementor-widget elementor-widget-image-carousel\" data-id=\"e64521b\" data-element_type=\"widget\" data-settings=\"{&quot;slides_to_show&quot;:&quot;1&quot;,&quot;navigation&quot;:&quot;none&quot;,&quot;autoplay_speed&quot;:&quot;3000&quot;,&quot;autoplay&quot;:&quot;yes&quot;,&quot;pause_on_hover&quot;:&quot;yes&quot;,&quot;pause_on_interaction&quot;:&quot;yes&quot;,&quot;infinite&quot;:&quot;yes&quot;,&quot;effect&quot;:&quot;slide&quot;,&quot;speed&quot;:500}\" data-widget_type=\"image-carousel.default\">\n\t\t\t\t<div class=\"elementor-widget-container\">\n\t\t\t\t\t\t\t<div class=\"elementor-image-carousel-wrapper swiper\" role=\"region\" aria-roledescription=\"carousel\" aria-label=\"Carrossel de imagens\" dir=\"ltr\">\n\t\t\t<div class=\"elementor-image-carousel swiper-wrapper\" aria-live=\"off\">\n\t\t\t\t\t\t\t\t<div class=\"swiper-slide\" role=\"group\" aria-roledescription=\"slide\" aria-label=\"1 de 5\"><figure class=\"swiper-slide-inner\"><img decoding=\"async\" class=\"swiper-slide-image\" src=\"https:\/\/i5media.com.br\/techtouch\/wp-content\/uploads\/2025\/03\/sobre-nos.png\" alt=\"sobre-nos\" \/><\/figure><\/div><div class=\"swiper-slide\" role=\"group\" aria-roledescription=\"slide\" aria-label=\"2 de 5\"><figure class=\"swiper-slide-inner\"><img decoding=\"async\" class=\"swiper-slide-image\" src=\"https:\/\/i5media.com.br\/techtouch\/wp-content\/uploads\/2025\/03\/548cb518759e9f5d018699cdf0ed2451.jpg\" alt=\"548cb518759e9f5d018699cdf0ed2451\" \/><\/figure><\/div><div class=\"swiper-slide\" role=\"group\" aria-roledescription=\"slide\" aria-label=\"3 de 5\"><figure class=\"swiper-slide-inner\"><img decoding=\"async\" class=\"swiper-slide-image\" src=\"https:\/\/i5media.com.br\/techtouch\/wp-content\/uploads\/2025\/03\/ed1c0081c317f4fcdfb53592c1befea2.jpg\" alt=\"ed1c0081c317f4fcdfb53592c1befea2\" \/><\/figure><\/div><div class=\"swiper-slide\" role=\"group\" aria-roledescription=\"slide\" aria-label=\"4 de 5\"><figure class=\"swiper-slide-inner\"><img decoding=\"async\" class=\"swiper-slide-image\" src=\"https:\/\/i5media.com.br\/techtouch\/wp-content\/uploads\/2025\/03\/5e961e67958aea805fa6ce672a799c91.jpg\" alt=\"5e961e67958aea805fa6ce672a799c91\" \/><\/figure><\/div><div class=\"swiper-slide\" role=\"group\" aria-roledescription=\"slide\" aria-label=\"5 de 5\"><figure class=\"swiper-slide-inner\"><img decoding=\"async\" class=\"swiper-slide-image\" src=\"https:\/\/i5media.com.br\/techtouch\/wp-content\/uploads\/2025\/03\/32a1d269d5f9bc18e70e2c8406f0c534.jpg\" alt=\"32a1d269d5f9bc18e70e2c8406f0c534\" \/><\/figure><\/div>\t\t\t<\/div>\n\t\t\t\t\t\t\t\n\t\t\t\t\t\t\t\t\t<\/div>\n\t\t\t\t\t\t<\/div>\n\t\t\t\t<\/div>\n\t\t\t\t<\/div>\n\t\t<div class=\"elementor-element elementor-element-b18acd9 e-con-full e-flex e-con e-child\" data-id=\"b18acd9\" data-element_type=\"container\">\n\t\t\t\t<div class=\"elementor-element elementor-element-938c9ae elementor-vertical-align-top elementor-widget elementor-widget-icon-box\" data-id=\"938c9ae\" data-element_type=\"widget\" data-widget_type=\"icon-box.default\">\n\t\t\t\t<div class=\"elementor-widget-container\">\n\t\t\t\t\t\t\t<div class=\"elementor-icon-box-wrapper\">\n\n\t\t\t\n\t\t\t\t\t\t<div class=\"elementor-icon-box-content\">\n\n\t\t\t\t\t\t\t\t\t<h3 class=\"elementor-icon-box-title\">\n\t\t\t\t\t\t<span  >\n\t\t\t\t\t\t\tNossa Miss\u00e3o\t\t\t\t\t\t<\/span>\n\t\t\t\t\t<\/h3>\n\t\t\t\t\n\t\t\t\t\t\t\t\t\t<p class=\"elementor-icon-box-description\">\n\t\t\t\t\t\tNosso objetivo \u00e9 oferecer monitores touchscreen de qualidade no Brasil e no mundo a baixo custo. Tendo n\u00e3o s\u00f3 isso como benef\u00edcio mas sim todas as facilidades do\nproduto, como: tiragem de senha, otimiza\u00e7\u00e3o de atendimento, fluidez com mapas, card\u00e1pios, sistemas, etc , deixando a experi\u00eancia do cliente e\/ou colaborador mais\nsatisfat\u00f3ria.\t\t\t\t\t<\/p>\n\t\t\t\t\n\t\t\t<\/div>\n\t\t\t\n\t\t<\/div>\n\t\t\t\t\t\t<\/div>\n\t\t\t\t<\/div>\n\t\t\t\t<div class=\"elementor-element elementor-element-6c75529 elementor-vertical-align-top elementor-widget elementor-widget-icon-box\" data-id=\"6c75529\" data-element_type=\"widget\" data-widget_type=\"icon-box.default\">\n\t\t\t\t<div class=\"elementor-widget-container\">\n\t\t\t\t\t\t\t<div class=\"elementor-icon-box-wrapper\">\n\n\t\t\t\n\t\t\t\t\t\t<div class=\"elementor-icon-box-content\">\n\n\t\t\t\t\t\t\t\t\t<h3 class=\"elementor-icon-box-title\">\n\t\t\t\t\t\t<span  >\n\t\t\t\t\t\t\tNossa Vis\u00e3o\t\t\t\t\t\t<\/span>\n\t\t\t\t\t<\/h3>\n\t\t\t\t\n\t\t\t\t\t\t\t\t\t<p class=\"elementor-icon-box-description\">\n\t\t\t\t\t\tNossa vis\u00e3o \u00e9 ser refer\u00eancia entre as principais empresas do setor no mercado brasileiro e transformar nossos clientes em clientes fi\u00e9 is e satisfeitos.\t\t\t\t\t<\/p>\n\t\t\t\t\n\t\t\t<\/div>\n\t\t\t\n\t\t<\/div>\n\t\t\t\t\t\t<\/div>\n\t\t\t\t<\/div>\n\t\t\t\t<div class=\"elementor-element elementor-element-48c4f7a elementor-vertical-align-top elementor-widget elementor-widget-icon-box\" data-id=\"48c4f7a\" data-element_type=\"widget\" data-widget_type=\"icon-box.default\">\n\t\t\t\t<div class=\"elementor-widget-container\">\n\t\t\t\t\t\t\t<div class=\"elementor-icon-box-wrapper\">\n\n\t\t\t\n\t\t\t\t\t\t<div class=\"elementor-icon-box-content\">\n\n\t\t\t\t\t\t\t\t\t<h3 class=\"elementor-icon-box-title\">\n\t\t\t\t\t\t<span  >\n\t\t\t\t\t\t\tNossos Valores\t\t\t\t\t\t<\/span>\n\t\t\t\t\t<\/h3>\n\t\t\t\t\n\t\t\t\t\t\t\t\t\t<p class=\"elementor-icon-box-description\">\n\t\t\t\t\t\t- <b>\u00c9tica<\/b>: Temos a honestidade e transpar\u00eancia como base, sendo justos, evitando conflito de interesses e combatendo pr\u00e1ticas<br>\n- <b>Inova\u00e7\u00e3o<\/b>: Estamos sempre em busca de desenvolver novos produtos e servi\u00e7os.<br>\n- <b>Colabora\u00e7\u00e3o<\/b>: Trabalhamos juntamente com parceiros e clientes, realizando projetos, formando alian\u00e7as.<br>\n- <b>Excel\u00eancia<\/b>: Buscamos aperfei\u00e7oar continuamente nossos produtos e servi\u00e7os, garantindo a qualidade, seguran\u00e7a e efici\u00eancia dos processos.\t\t\t\t\t<\/p>\n\t\t\t\t\n\t\t\t<\/div>\n\t\t\t\n\t\t<\/div>\n\t\t\t\t\t\t<\/div>\n\t\t\t\t<\/div>\n\t\t\t\t<\/div>\n\t\t\t\t\t<\/div>\n\t\t\t\t<\/div>\n\t\t\t\t<\/div>\n\t\t","protected":false},"excerpt":{"rendered":"<p>Kit Telas SAW Transforme sua tela com a qualidade e durabilidade de um Kit Touch completo! Se voc\u00ea est\u00e1 buscando uma solu\u00e7\u00e3o confi\u00e1vel e de alto desempenho para instala\u00e7\u00e3o ou substitui\u00e7\u00e3o de telas touchscreen, o Kit Touch \u00e9 a escolha certa. Ele oferece resist\u00eancia, precis\u00e3o no toque e qualidade visual superior, tudo em um s\u00f3 [&hellip;]<\/p>\n","protected":false},"author":1,"featured_media":0,"parent":5682,"menu_order":0,"comment_status":"closed","ping_status":"closed","template":"","meta":{"site-sidebar-layout":"no-sidebar","site-content-layout":"page-builder","ast-site-content-layout":"full-width-container","site-content-style":"unboxed","site-sidebar-style":"unboxed","ast-global-header-display":"","ast-banner-title-visibility":"","ast-main-header-display":"","ast-hfb-above-header-display":"","ast-hfb-below-header-display":"","ast-hfb-mobile-header-display":"","site-post-title":"disabled","ast-breadcrumbs-content":"","ast-featured-img":"disabled","footer-sml-layout":"","theme-transparent-header-meta":"enabled","adv-header-id-meta":"","stick-header-meta":"","header-above-stick-meta":"","header-main-stick-meta":"","header-below-stick-meta":"","astra-migrate-meta-layouts":"set","ast-page-background-enabled":"default","ast-page-background-meta":{"desktop":{"background-color":"","background-image":"","background-repeat":"repeat","background-position":"center center","background-size":"auto","background-attachment":"scroll","background-type":"","background-media":"","overlay-type":"","overlay-color":"","overlay-opacity":"","overlay-gradient":""},"tablet":{"background-color":"","background-image":"","background-repeat":"repeat","background-position":"center center","background-size":"auto","background-attachment":"scroll","background-type":"","background-media":"","overlay-type":"","overlay-color":"","overlay-opacity":"","overlay-gradient":""},"mobile":{"background-color":"","background-image":"","background-repeat":"repeat","background-position":"center center","background-size":"auto","background-attachment":"scroll","background-type":"","background-media":"","overlay-type":"","overlay-color":"","overlay-opacity":"","overlay-gradient":""}},"ast-content-background-meta":{"desktop":{"background-color":"var(--ast-global-color-5)","background-image":"","background-repeat":"repeat","background-position":"center center","background-size":"auto","background-attachment":"scroll","background-type":"","background-media":"","overlay-type":"","overlay-color":"","overlay-opacity":"","overlay-gradient":""},"tablet":{"background-color":"var(--ast-global-color-5)","background-image":"","background-repeat":"repeat","background-position":"center center","background-size":"auto","background-attachment":"scroll","background-type":"","background-media":"","overlay-type":"","overlay-color":"","overlay-opacity":"","overlay-gradient":""},"mobile":{"background-color":"var(--ast-global-color-5)","background-image":"","background-repeat":"repeat","background-position":"center center","background-size":"auto","background-attachment":"scroll","background-type":"","background-media":"","overlay-type":"","overlay-color":"","overlay-opacity":"","overlay-gradient":""}},"_joinchat":[],"footnotes":""},"class_list":["post-5764","page","type-page","status-publish","hentry"],"jetpack_sharing_enabled":true,"_links":{"self":[{"href":"https:\/\/i5media.com.br\/techtouch\/wp-json\/wp\/v2\/pages\/5764","targetHints":{"allow":["GET"]}}],"collection":[{"href":"https:\/\/i5media.com.br\/techtouch\/wp-json\/wp\/v2\/pages"}],"about":[{"href":"https:\/\/i5media.com.br\/techtouch\/wp-json\/wp\/v2\/types\/page"}],"author":[{"embeddable":true,"href":"https:\/\/i5media.com.br\/techtouch\/wp-json\/wp\/v2\/users\/1"}],"replies":[{"embeddable":true,"href":"https:\/\/i5media.com.br\/techtouch\/wp-json\/wp\/v2\/comments?post=5764"}],"version-history":[{"count":16,"href":"https:\/\/i5media.com.br\/techtouch\/wp-json\/wp\/v2\/pages\/5764\/revisions"}],"predecessor-version":[{"id":5914,"href":"https:\/\/i5media.com.br\/techtouch\/wp-json\/wp\/v2\/pages\/5764\/revisions\/5914"}],"up":[{"embeddable":true,"href":"https:\/\/i5media.com.br\/techtouch\/wp-json\/wp\/v2\/pages\/5682"}],"wp:attachment":[{"href":"https:\/\/i5media.com.br\/techtouch\/wp-json\/wp\/v2\/media?parent=5764"}],"curies":[{"name":"wp","href":"https:\/\/api.w.org\/{rel}","templated":true}]}}