{"id":5763,"date":"2025-04-24T14:51:03","date_gmt":"2025-04-24T17:51:03","guid":{"rendered":"https:\/\/i5media.com.br\/techtouch\/?page_id=5763"},"modified":"2025-05-27T17:06:28","modified_gmt":"2025-05-27T20:06:28","slug":"kit-telas-pcap-capacitivo","status":"publish","type":"page","link":"https:\/\/i5media.com.br\/techtouch\/nossos-produtos\/kit-telas-pcap-capacitivo\/","title":{"rendered":"KIT TELAS PCAP \u2013 CAPACITIVO"},"content":{"rendered":"\t\t<div data-elementor-type=\"wp-post\" data-elementor-id=\"5763\" class=\"elementor elementor-5763\" data-elementor-post-type=\"page\">\n\t\t\t\t<div class=\"elementor-element elementor-element-dfdc5a6 e-flex e-con-boxed e-con e-parent\" data-id=\"dfdc5a6\" data-element_type=\"container\" data-settings=\"{&quot;background_background&quot;:&quot;classic&quot;}\">\n\t\t\t\t\t<div class=\"e-con-inner\">\n\t\t<div class=\"elementor-element elementor-element-1eaf493 e-con-full e-flex e-con e-child\" data-id=\"1eaf493\" data-element_type=\"container\">\n\t\t\t\t<div class=\"elementor-element elementor-element-2ea6a7d elementor-widget elementor-widget-heading\" data-id=\"2ea6a7d\" data-element_type=\"widget\" data-widget_type=\"heading.default\">\n\t\t\t\t<div class=\"elementor-widget-container\">\n\t\t\t\t\t<h1 class=\"elementor-heading-title elementor-size-default\">KIT TELAS PCAP \u2013 CAPACITIVO<\/h1>\t\t\t\t<\/div>\n\t\t\t\t<\/div>\n\t\t\t\t<\/div>\n\t\t\t\t\t<\/div>\n\t\t\t\t<\/div>\n\t\t<div class=\"elementor-element elementor-element-748980c e-flex e-con-boxed e-con e-parent\" data-id=\"748980c\" data-element_type=\"container\" data-settings=\"{&quot;background_background&quot;:&quot;classic&quot;}\">\n\t\t\t\t\t<div class=\"e-con-inner\">\n\t\t<div class=\"elementor-element elementor-element-9945606 e-con-full e-flex e-con e-child\" data-id=\"9945606\" data-element_type=\"container\">\n\t\t\t\t<div class=\"elementor-element elementor-element-cc08764 elementor-widget elementor-widget-heading\" data-id=\"cc08764\" data-element_type=\"widget\" data-widget_type=\"heading.default\">\n\t\t\t\t<div class=\"elementor-widget-container\">\n\t\t\t\t\t<h2 class=\"elementor-heading-title elementor-size-default\">KIT TELAS PCAP \u2013 CAPACITIVO<\/h2>\t\t\t\t<\/div>\n\t\t\t\t<\/div>\n\t\t\t\t<div class=\"elementor-element elementor-element-fe4d709 elementor-widget elementor-widget-text-editor\" data-id=\"fe4d709\" data-element_type=\"widget\" data-widget_type=\"text-editor.default\">\n\t\t\t\t<div class=\"elementor-widget-container\">\n\t\t\t\t\t\t\t\t\t<p>Transforme sua experi\u00eancia com um Kit Touch de alta performance.<\/p><p>Se voc\u00ea est\u00e1 procurando uma tela touchscreen confi\u00e1vel, moderna e de alta qualidade para sua instala\u00e7\u00e3o ou substitui\u00e7\u00e3o, o <b>Kit Touch<\/b> \u00e9 a escolha certa. <br \/>Ele une <b>tecnologia de ponta, resist\u00eancia e facilidade de instala\u00e7\u00e3o<\/b> em uma solu\u00e7\u00e3o completa e vers\u00e1til.<\/p><p>Cada kit vem com <b>vidro 100% temperado de 3,5 mm<\/b>, controladora, cabo, e pode ser conectado via <b>USB ou SERIAL<\/b>, se adaptando a diferentes projetos e necessidades. <br \/>\u00c9 ideal para <b>quiosques interativos, pain\u00e9is de controle, totens de autoatendimento<\/b> e muito mais.<\/p><p><b>PCAP (Capacitiva Projetada)<\/b> \u2013 Moderna, multitouch e de resposta r\u00e1pida.<\/p><p>Muito usada em smartphones e tablets, a tecnologia PCAP detecta o toque por meio de campos el\u00e9tricos criados por eletrodos transparentes. Quando o dedo entra em contato com a tela, altera a capacit\u00e2ncia, permitindo uma detec\u00e7\u00e3o extremamente precisa.<\/p><p><b>Vantagens:<\/b><\/p><ul><li>Multitoque (at\u00e9 10 pontos simult\u00e2neos)<\/li><li>Alta precis\u00e3o e resposta r\u00e1pida<\/li><li>Mais de 90% de transmiss\u00e3o de luz, com imagem clara e brilhante<\/li><li>Durabilidade elevada e resist\u00eancia a sujeira, \u00e1gua e gordura<\/li><li>Design fino e elegante<\/li><li>Certifica\u00e7\u00f5es CE, FCC e RoHS<\/li><\/ul><p><span style=\"font-style: inherit; font-weight: inherit;\">\u00a0<\/span><\/p><p><span style=\"font-style: inherit;\"><b>Tamanhos dispon\u00edveis:<\/b><br \/><\/span><\/p><ul><li><span style=\"font-style: inherit; font-weight: inherit;\">15.6\u201d<\/span><\/li><li><span style=\"font-style: inherit; font-weight: inherit;\">18.5\u201d<\/span><\/li><li><span style=\"font-style: inherit; font-weight: inherit;\">21.5\u201d<\/span><\/li><li><span style=\"font-style: inherit; font-weight: inherit;\">23.8\u201d<\/span><\/li><li><span style=\"font-style: inherit; font-weight: inherit;\">27\u201d<\/span><\/li><li><span style=\"font-style: inherit; font-weight: inherit;\">32\u201d<\/span><\/li><li><span style=\"font-style: inherit; font-weight: inherit;\">43\u201d<\/span><\/li><li><span style=\"font-style: inherit; font-weight: inherit;\">55\u201d<\/span><\/li><\/ul><p>Por que escolher o Kit Touch?<br \/><br \/><img decoding=\"async\" class=\"emoji\" role=\"img\" draggable=\"false\" src=\"https:\/\/s.w.org\/images\/core\/emoji\/15.1.0\/svg\/2705.svg\" alt=\"\u2705\" \/> Vidro temperado resistente de 3,5mm<br \/><img decoding=\"async\" class=\"emoji\" role=\"img\" draggable=\"false\" src=\"https:\/\/s.w.org\/images\/core\/emoji\/15.1.0\/svg\/2705.svg\" alt=\"\u2705\" \/> Toque preciso, suave e confi\u00e1vel<br \/><img decoding=\"async\" class=\"emoji\" role=\"img\" draggable=\"false\" src=\"https:\/\/s.w.org\/images\/core\/emoji\/15.1.0\/svg\/2705.svg\" alt=\"\u2705\" \/> Compat\u00edvel com conex\u00f5es USB e Serial<br \/><img decoding=\"async\" class=\"emoji\" role=\"img\" draggable=\"false\" src=\"https:\/\/s.w.org\/images\/core\/emoji\/15.1.0\/svg\/2705.svg\" alt=\"\u2705\" \/> Ampla variedade de tamanhos e tecnologias<br \/><img decoding=\"async\" class=\"emoji\" role=\"img\" draggable=\"false\" src=\"https:\/\/s.w.org\/images\/core\/emoji\/15.1.0\/svg\/2705.svg\" alt=\"\u2705\" \/> Ideal para diferentes aplica\u00e7\u00f5es: industrial, comercial ou interativa<br \/><img decoding=\"async\" class=\"emoji\" role=\"img\" draggable=\"false\" src=\"https:\/\/s.w.org\/images\/core\/emoji\/15.1.0\/svg\/2705.svg\" alt=\"\u2705\" \/> F\u00e1cil de instalar e com visual moderno<br \/><br \/>Leve tecnologia de verdade para sua tela.<br \/><br \/>N\u00e3o importa o tipo de projeto \u2013 temos a solu\u00e7\u00e3o certa para voc\u00ea. <br \/>Com um <b>Kit Touch completo<\/b>, voc\u00ea transforma qualquer equipamento em uma interface moderna, funcional e resistente, pronta para enfrentar o uso intenso do dia a dia.<br \/><br \/><b>Garanta j\u00e1 o seu e eleve o n\u00edvel da sua experi\u00eancia touchscreen!<\/b><\/p>\t\t\t\t\t\t\t\t<\/div>\n\t\t\t\t<\/div>\n\t\t\t\t<\/div>\n\t\t<div class=\"elementor-element elementor-element-f499284 e-con-full e-flex e-con e-child\" data-id=\"f499284\" data-element_type=\"container\">\n\t\t\t\t<div class=\"elementor-element elementor-element-12d7e03 elementor-widget elementor-widget-image\" data-id=\"12d7e03\" data-element_type=\"widget\" data-widget_type=\"image.default\">\n\t\t\t\t<div class=\"elementor-widget-container\">\n\t\t\t\t\t\t\t\t\t\t\t\t\t\t\t<img fetchpriority=\"high\" decoding=\"async\" width=\"750\" height=\"750\" src=\"https:\/\/i5media.com.br\/techtouch\/wp-content\/uploads\/2025\/05\/kit-telas-pcap.jpeg\" class=\"attachment-large size-large wp-image-5918\" alt=\"\" srcset=\"https:\/\/i5media.com.br\/techtouch\/wp-content\/uploads\/2025\/05\/kit-telas-pcap.jpeg 750w, https:\/\/i5media.com.br\/techtouch\/wp-content\/uploads\/2025\/05\/kit-telas-pcap-300x300.jpeg 300w, https:\/\/i5media.com.br\/techtouch\/wp-content\/uploads\/2025\/05\/kit-telas-pcap-150x150.jpeg 150w, https:\/\/i5media.com.br\/techtouch\/wp-content\/uploads\/2025\/05\/kit-telas-pcap-600x600.jpeg 600w, https:\/\/i5media.com.br\/techtouch\/wp-content\/uploads\/2025\/05\/kit-telas-pcap-100x100.jpeg 100w\" sizes=\"(max-width: 750px) 100vw, 750px\" \/>\t\t\t\t\t\t\t\t\t\t\t\t\t\t\t<\/div>\n\t\t\t\t<\/div>\n\t\t\t\t<\/div>\n\t\t\t\t\t<\/div>\n\t\t\t\t<\/div>\n\t\t\t\t<\/div>\n\t\t","protected":false},"excerpt":{"rendered":"<p>KIT TELAS PCAP \u2013 CAPACITIVO Transforme sua experi\u00eancia com um Kit Touch de alta performance. Se voc\u00ea est\u00e1 procurando uma tela touchscreen confi\u00e1vel, moderna e de alta qualidade para sua instala\u00e7\u00e3o ou substitui\u00e7\u00e3o, o Kit Touch \u00e9 a escolha certa. Ele une tecnologia de ponta, resist\u00eancia e facilidade de instala\u00e7\u00e3o em uma solu\u00e7\u00e3o completa e [&hellip;]<\/p>\n","protected":false},"author":1,"featured_media":0,"parent":5682,"menu_order":0,"comment_status":"closed","ping_status":"closed","template":"","meta":{"site-sidebar-layout":"no-sidebar","site-content-layout":"page-builder","ast-site-content-layout":"full-width-container","site-content-style":"unboxed","site-sidebar-style":"unboxed","ast-global-header-display":"","ast-banner-title-visibility":"","ast-main-header-display":"","ast-hfb-above-header-display":"","ast-hfb-below-header-display":"","ast-hfb-mobile-header-display":"","site-post-title":"disabled","ast-breadcrumbs-content":"","ast-featured-img":"disabled","footer-sml-layout":"","theme-transparent-header-meta":"enabled","adv-header-id-meta":"","stick-header-meta":"","header-above-stick-meta":"","header-main-stick-meta":"","header-below-stick-meta":"","astra-migrate-meta-layouts":"set","ast-page-background-enabled":"default","ast-page-background-meta":{"desktop":{"background-color":"","background-image":"","background-repeat":"repeat","background-position":"center center","background-size":"auto","background-attachment":"scroll","background-type":"","background-media":"","overlay-type":"","overlay-color":"","overlay-opacity":"","overlay-gradient":""},"tablet":{"background-color":"","background-image":"","background-repeat":"repeat","background-position":"center center","background-size":"auto","background-attachment":"scroll","background-type":"","background-media":"","overlay-type":"","overlay-color":"","overlay-opacity":"","overlay-gradient":""},"mobile":{"background-color":"","background-image":"","background-repeat":"repeat","background-position":"center center","background-size":"auto","background-attachment":"scroll","background-type":"","background-media":"","overlay-type":"","overlay-color":"","overlay-opacity":"","overlay-gradient":""}},"ast-content-background-meta":{"desktop":{"background-color":"var(--ast-global-color-5)","background-image":"","background-repeat":"repeat","background-position":"center center","background-size":"auto","background-attachment":"scroll","background-type":"","background-media":"","overlay-type":"","overlay-color":"","overlay-opacity":"","overlay-gradient":""},"tablet":{"background-color":"var(--ast-global-color-5)","background-image":"","background-repeat":"repeat","background-position":"center center","background-size":"auto","background-attachment":"scroll","background-type":"","background-media":"","overlay-type":"","overlay-color":"","overlay-opacity":"","overlay-gradient":""},"mobile":{"background-color":"var(--ast-global-color-5)","background-image":"","background-repeat":"repeat","background-position":"center center","background-size":"auto","background-attachment":"scroll","background-type":"","background-media":"","overlay-type":"","overlay-color":"","overlay-opacity":"","overlay-gradient":""}},"_joinchat":[],"footnotes":""},"class_list":["post-5763","page","type-page","status-publish","hentry"],"jetpack_sharing_enabled":true,"_links":{"self":[{"href":"https:\/\/i5media.com.br\/techtouch\/wp-json\/wp\/v2\/pages\/5763","targetHints":{"allow":["GET"]}}],"collection":[{"href":"https:\/\/i5media.com.br\/techtouch\/wp-json\/wp\/v2\/pages"}],"about":[{"href":"https:\/\/i5media.com.br\/techtouch\/wp-json\/wp\/v2\/types\/page"}],"author":[{"embeddable":true,"href":"https:\/\/i5media.com.br\/techtouch\/wp-json\/wp\/v2\/users\/1"}],"replies":[{"embeddable":true,"href":"https:\/\/i5media.com.br\/techtouch\/wp-json\/wp\/v2\/comments?post=5763"}],"version-history":[{"count":10,"href":"https:\/\/i5media.com.br\/techtouch\/wp-json\/wp\/v2\/pages\/5763\/revisions"}],"predecessor-version":[{"id":5921,"href":"https:\/\/i5media.com.br\/techtouch\/wp-json\/wp\/v2\/pages\/5763\/revisions\/5921"}],"up":[{"embeddable":true,"href":"https:\/\/i5media.com.br\/techtouch\/wp-json\/wp\/v2\/pages\/5682"}],"wp:attachment":[{"href":"https:\/\/i5media.com.br\/techtouch\/wp-json\/wp\/v2\/media?parent=5763"}],"curies":[{"name":"wp","href":"https:\/\/api.w.org\/{rel}","templated":true}]}}