{"id":5757,"date":"2025-04-24T14:37:35","date_gmt":"2025-04-24T17:37:35","guid":{"rendered":"https:\/\/i5media.com.br\/techtouch\/?page_id=5757"},"modified":"2025-05-30T10:46:51","modified_gmt":"2025-05-30T13:46:51","slug":"kit-telas-infrared","status":"publish","type":"page","link":"https:\/\/i5media.com.br\/techtouch\/nossos-produtos\/kit-telas-infrared\/","title":{"rendered":"Kit Telas (Infrared)"},"content":{"rendered":"\t\t<div data-elementor-type=\"wp-post\" data-elementor-id=\"5757\" class=\"elementor elementor-5757\" data-elementor-post-type=\"page\">\n\t\t\t\t<div class=\"elementor-element elementor-element-dfdc5a6 e-con-full e-flex e-con e-parent\" data-id=\"dfdc5a6\" data-element_type=\"container\" data-settings=\"{&quot;background_background&quot;:&quot;classic&quot;}\">\n\t\t<div class=\"elementor-element elementor-element-1eaf493 e-con-full e-flex e-con e-child\" data-id=\"1eaf493\" data-element_type=\"container\">\n\t\t\t\t<div class=\"elementor-element elementor-element-2ea6a7d elementor-widget elementor-widget-heading\" data-id=\"2ea6a7d\" data-element_type=\"widget\" data-widget_type=\"heading.default\">\n\t\t\t\t<div class=\"elementor-widget-container\">\n\t\t\t\t\t<h1 class=\"elementor-heading-title elementor-size-default\">Kit Telas (Infrared)<\/h1>\t\t\t\t<\/div>\n\t\t\t\t<\/div>\n\t\t\t\t<\/div>\n\t\t\t\t<\/div>\n\t\t<div class=\"elementor-element elementor-element-748980c e-flex e-con-boxed e-con e-parent\" data-id=\"748980c\" data-element_type=\"container\" data-settings=\"{&quot;background_background&quot;:&quot;classic&quot;}\">\n\t\t\t\t\t<div class=\"e-con-inner\">\n\t\t<div class=\"elementor-element elementor-element-9945606 e-con-full e-flex e-con e-child\" data-id=\"9945606\" data-element_type=\"container\">\n\t\t\t\t<div class=\"elementor-element elementor-element-cc08764 elementor-widget elementor-widget-heading\" data-id=\"cc08764\" data-element_type=\"widget\" data-widget_type=\"heading.default\">\n\t\t\t\t<div class=\"elementor-widget-container\">\n\t\t\t\t\t<h2 class=\"elementor-heading-title elementor-size-default\">Kit Telas (Infrared)<\/h2>\t\t\t\t<\/div>\n\t\t\t\t<\/div>\n\t\t\t\t<div class=\"elementor-element elementor-element-fe4d709 elementor-widget elementor-widget-text-editor\" data-id=\"fe4d709\" data-element_type=\"widget\" data-widget_type=\"text-editor.default\">\n\t\t\t\t<div class=\"elementor-widget-container\">\n\t\t\t\t\t\t\t\t\t<p>Transforme sua tela com a tecnologia certa: conhe\u00e7a o Kit Touch!<\/p><p>Se voc\u00ea est\u00e1 em busca de uma solu\u00e7\u00e3o moderna, resistente e de alto desempenho para instalar ou substituir uma tela touchscreen, o <b>Kit Touch<\/b> \u00e9 ideal para voc\u00ea. <br \/>Ele combina <b>durabilidade, precis\u00e3o e facilidade de instala\u00e7\u00e3o,<\/b> oferecendo tudo o que voc\u00ea precisa para transformar sua experi\u00eancia de uso.<\/p><p>Com <b>vidro temperado de 3,5 mm<\/b>, o kit garante prote\u00e7\u00e3o contra impactos e uma sensa\u00e7\u00e3o de toque suave e responsiva. Inclui <b>controladora e cabos<\/b>, com conex\u00e3o compat\u00edvel <b>USB ou SERIAL<\/b>, se adaptando facilmente aos mais diversos projetos e equipamentos.<\/p><p>Perfeito para <b>quiosques interativos, totens de autoatendimento, pain\u00e9is de controle e ambientes industriais,<\/b> nosso Kit Touch est\u00e1 dispon\u00edvel em diversos tamanhos para atender diferentes necessidades:<\/p><p><b>Infrared (Infravermelho)<\/b> &#8211; Robustez e precis\u00e3o em qualquer ambiente.<\/p><p>A tecnologia infravermelha usa sensores nas bordas da tela que emitem feixes de luz invis\u00edveis. Quando um objeto interrompe esses feixes, o toque \u00e9 detectado \u2013 sem a necessidade de contato direto com o vidro.<\/p><p><b>Vantagens:<\/b><\/p><ul><li>Alta durabilidade (sem desgaste f\u00edsico)<\/li><li>Funciona mesmo com sujeira ou umidade<\/li><li>10 toques simult\u00e2neos<\/li><li>N\u00e3o exige camadas sens\u00edveis ao toque<\/li><li>Ideal para ambientes p\u00fablicos ou industriais<\/li><\/ul><p><b>Tamanhos dispon\u00edveis:<\/b><\/p><ul><li>18.5\u201d<\/li><li>19\u201d<\/li><li>21.5\u201d<\/li><li>23.8\u201d<\/li><li>32\u201d<\/li><li>43\u201d<\/li><\/ul><p>Por que escolher nosso Kit Touch?<\/p><p><img decoding=\"async\" class=\"emoji\" role=\"img\" draggable=\"false\" src=\"https:\/\/s.w.org\/images\/core\/emoji\/15.1.0\/svg\/2705.svg\" alt=\"\u2705\" \/> Vidro temperado resistente de 3,5 mm<br \/><img decoding=\"async\" class=\"emoji\" role=\"img\" draggable=\"false\" src=\"https:\/\/s.w.org\/images\/core\/emoji\/15.1.0\/svg\/2705.svg\" alt=\"\u2705\" \/> Toque fluido, preciso e confi\u00e1vel<br \/><img decoding=\"async\" class=\"emoji\" role=\"img\" draggable=\"false\" src=\"https:\/\/s.w.org\/images\/core\/emoji\/15.1.0\/svg\/2705.svg\" alt=\"\u2705\" \/> Compat\u00edvel com USB e Serial<br \/><img decoding=\"async\" class=\"emoji\" role=\"img\" draggable=\"false\" src=\"https:\/\/s.w.org\/images\/core\/emoji\/15.1.0\/svg\/2705.svg\" alt=\"\u2705\" \/> F\u00e1cil instala\u00e7\u00e3o<br \/><img decoding=\"async\" class=\"emoji\" role=\"img\" draggable=\"false\" src=\"https:\/\/s.w.org\/images\/core\/emoji\/15.1.0\/svg\/2705.svg\" alt=\"\u2705\" \/> V\u00e1rios tamanhos e tecnologias<br \/><img decoding=\"async\" class=\"emoji\" role=\"img\" draggable=\"false\" src=\"https:\/\/s.w.org\/images\/core\/emoji\/15.1.0\/svg\/2705.svg\" alt=\"\u2705\" \/> Design robusto e moderno<\/p><p><br \/>Tecnologia que transforma. Qualidade que dura.<\/p><p>Independentemente da aplica\u00e7\u00e3o, temos o Kit Touch ideal para voc\u00ea. Leve mais tecnologia para seus projetos com um kit completo, pronto para oferecer <b>a melhor experi\u00eancia de toque com durabilidade, sensibilidade e desempenho.<\/b><\/p><p><b>Garanta j\u00e1 o seu e modernize suas telas com o que h\u00e1 de mais avan\u00e7ado em touchscreen!<\/b><\/p>\t\t\t\t\t\t\t\t<\/div>\n\t\t\t\t<\/div>\n\t\t\t\t<\/div>\n\t\t<div class=\"elementor-element elementor-element-f499284 e-con-full e-flex e-con e-child\" data-id=\"f499284\" data-element_type=\"container\">\n\t\t\t\t<div class=\"elementor-element elementor-element-12d7e03 elementor-widget elementor-widget-image\" data-id=\"12d7e03\" data-element_type=\"widget\" data-widget_type=\"image.default\">\n\t\t\t\t<div class=\"elementor-widget-container\">\n\t\t\t\t\t\t\t\t\t\t\t\t\t\t\t<img fetchpriority=\"high\" decoding=\"async\" width=\"1024\" height=\"680\" src=\"https:\/\/i5media.com.br\/techtouch\/wp-content\/uploads\/2025\/05\/kit-telas-infrared.jpeg\" class=\"attachment-large size-large wp-image-5922\" alt=\"\" srcset=\"https:\/\/i5media.com.br\/techtouch\/wp-content\/uploads\/2025\/05\/kit-telas-infrared.jpeg 1024w, https:\/\/i5media.com.br\/techtouch\/wp-content\/uploads\/2025\/05\/kit-telas-infrared-300x199.jpeg 300w, https:\/\/i5media.com.br\/techtouch\/wp-content\/uploads\/2025\/05\/kit-telas-infrared-768x510.jpeg 768w, https:\/\/i5media.com.br\/techtouch\/wp-content\/uploads\/2025\/05\/kit-telas-infrared-600x398.jpeg 600w\" sizes=\"(max-width: 1024px) 100vw, 1024px\" \/>\t\t\t\t\t\t\t\t\t\t\t\t\t\t\t<\/div>\n\t\t\t\t<\/div>\n\t\t\t\t<\/div>\n\t\t\t\t\t<\/div>\n\t\t\t\t<\/div>\n\t\t<div class=\"elementor-element elementor-element-98f3a19 e-flex e-con-boxed e-con e-parent\" data-id=\"98f3a19\" data-element_type=\"container\" data-settings=\"{&quot;background_background&quot;:&quot;classic&quot;}\">\n\t\t\t\t\t<div class=\"e-con-inner\">\n\t\t<div class=\"elementor-element elementor-element-7d96c24a e-con-full e-flex e-con e-child\" data-id=\"7d96c24a\" data-element_type=\"container\">\n\t\t\t\t<div class=\"elementor-element elementor-element-516c8d78 elementor-widget elementor-widget-heading\" data-id=\"516c8d78\" data-element_type=\"widget\" data-widget_type=\"heading.default\">\n\t\t\t\t<div class=\"elementor-widget-container\">\n\t\t\t\t\t<h4 class=\"elementor-heading-title elementor-size-default\">Os n\u00fameros falam por si:<\/h4>\t\t\t\t<\/div>\n\t\t\t\t<\/div>\n\t\t\t\t<\/div>\n\t\t<div class=\"elementor-element elementor-element-3dc4e85c e-con-full e-flex e-con e-child\" data-id=\"3dc4e85c\" data-element_type=\"container\">\n\t\t\t\t<div class=\"elementor-element elementor-element-323a308a elementor-widget elementor-widget-counter\" data-id=\"323a308a\" data-element_type=\"widget\" data-widget_type=\"counter.default\">\n\t\t\t\t<div class=\"elementor-widget-container\">\n\t\t\t\t\t\t\t<div class=\"elementor-counter\">\n\t\t\t<div class=\"elementor-counter-title\">Produtos selecionados<\/div>\t\t\t<div class=\"elementor-counter-number-wrapper\">\n\t\t\t\t<span class=\"elementor-counter-number-prefix\">+<\/span>\n\t\t\t\t<span class=\"elementor-counter-number\" data-duration=\"2000\" data-to-value=\"30\" data-from-value=\"0\" data-delimiter=\",\">0<\/span>\n\t\t\t\t<span class=\"elementor-counter-number-suffix\"><\/span>\n\t\t\t<\/div>\n\t\t<\/div>\n\t\t\t\t\t\t<\/div>\n\t\t\t\t<\/div>\n\t\t\t\t<\/div>\n\t\t<div class=\"elementor-element elementor-element-2526c5a0 e-con-full e-flex e-con e-child\" data-id=\"2526c5a0\" data-element_type=\"container\">\n\t\t\t\t<div class=\"elementor-element elementor-element-5effcb07 elementor-widget elementor-widget-counter\" data-id=\"5effcb07\" data-element_type=\"widget\" data-widget_type=\"counter.default\">\n\t\t\t\t<div class=\"elementor-widget-container\">\n\t\t\t\t\t\t\t<div class=\"elementor-counter\">\n\t\t\t<div class=\"elementor-counter-title\">anos de experi\u00eancia<\/div>\t\t\t<div class=\"elementor-counter-number-wrapper\">\n\t\t\t\t<span class=\"elementor-counter-number-prefix\">+<\/span>\n\t\t\t\t<span class=\"elementor-counter-number\" data-duration=\"2000\" data-to-value=\"20\" data-from-value=\"0\" data-delimiter=\",\">0<\/span>\n\t\t\t\t<span class=\"elementor-counter-number-suffix\"><\/span>\n\t\t\t<\/div>\n\t\t<\/div>\n\t\t\t\t\t\t<\/div>\n\t\t\t\t<\/div>\n\t\t\t\t<\/div>\n\t\t<div class=\"elementor-element elementor-element-109da07 e-con-full e-flex e-con e-child\" data-id=\"109da07\" data-element_type=\"container\">\n\t\t\t\t<div class=\"elementor-element elementor-element-35c59248 elementor-widget elementor-widget-counter\" data-id=\"35c59248\" data-element_type=\"widget\" data-widget_type=\"counter.default\">\n\t\t\t\t<div class=\"elementor-widget-container\">\n\t\t\t\t\t\t\t<div class=\"elementor-counter\">\n\t\t\t<div class=\"elementor-counter-title\">clientes atendidos em todo territ\u00f3rio Nacional<\/div>\t\t\t<div class=\"elementor-counter-number-wrapper\">\n\t\t\t\t<span class=\"elementor-counter-number-prefix\">+<\/span>\n\t\t\t\t<span class=\"elementor-counter-number\" data-duration=\"2000\" data-to-value=\"600\" data-from-value=\"0\" data-delimiter=\",\">0<\/span>\n\t\t\t\t<span class=\"elementor-counter-number-suffix\"><\/span>\n\t\t\t<\/div>\n\t\t<\/div>\n\t\t\t\t\t\t<\/div>\n\t\t\t\t<\/div>\n\t\t\t\t<\/div>\n\t\t<div class=\"elementor-element elementor-element-1a23b008 e-con-full e-flex e-con e-child\" data-id=\"1a23b008\" data-element_type=\"container\">\n\t\t\t\t<div class=\"elementor-element elementor-element-1d344649 elementor-widget elementor-widget-counter\" data-id=\"1d344649\" data-element_type=\"widget\" data-widget_type=\"counter.default\">\n\t\t\t\t<div class=\"elementor-widget-container\">\n\t\t\t\t\t\t\t<div class=\"elementor-counter\">\n\t\t\t<div class=\"elementor-counter-title\">clientes ativos em carteira<\/div>\t\t\t<div class=\"elementor-counter-number-wrapper\">\n\t\t\t\t<span class=\"elementor-counter-number-prefix\">+<\/span>\n\t\t\t\t<span class=\"elementor-counter-number\" data-duration=\"2000\" data-to-value=\"100\" data-from-value=\"0\" data-delimiter=\",\">0<\/span>\n\t\t\t\t<span class=\"elementor-counter-number-suffix\"><\/span>\n\t\t\t<\/div>\n\t\t<\/div>\n\t\t\t\t\t\t<\/div>\n\t\t\t\t<\/div>\n\t\t\t\t<\/div>\n\t\t\t\t\t<\/div>\n\t\t\t\t<\/div>\n\t\t\t\t<\/div>\n\t\t","protected":false},"excerpt":{"rendered":"<p>Kit Telas (Infrared) Transforme sua tela com a tecnologia certa: conhe\u00e7a o Kit Touch! Se voc\u00ea est\u00e1 em busca de uma solu\u00e7\u00e3o moderna, resistente e de alto desempenho para instalar ou substituir uma tela touchscreen, o Kit Touch \u00e9 ideal para voc\u00ea. Ele combina durabilidade, precis\u00e3o e facilidade de instala\u00e7\u00e3o, oferecendo tudo o que voc\u00ea [&hellip;]<\/p>\n","protected":false},"author":1,"featured_media":0,"parent":5682,"menu_order":0,"comment_status":"closed","ping_status":"closed","template":"","meta":{"site-sidebar-layout":"no-sidebar","site-content-layout":"page-builder","ast-site-content-layout":"full-width-container","site-content-style":"unboxed","site-sidebar-style":"unboxed","ast-global-header-display":"","ast-banner-title-visibility":"","ast-main-header-display":"","ast-hfb-above-header-display":"","ast-hfb-below-header-display":"","ast-hfb-mobile-header-display":"","site-post-title":"disabled","ast-breadcrumbs-content":"","ast-featured-img":"disabled","footer-sml-layout":"","theme-transparent-header-meta":"enabled","adv-header-id-meta":"","stick-header-meta":"","header-above-stick-meta":"","header-main-stick-meta":"","header-below-stick-meta":"","astra-migrate-meta-layouts":"set","ast-page-background-enabled":"default","ast-page-background-meta":{"desktop":{"background-color":"","background-image":"","background-repeat":"repeat","background-position":"center center","background-size":"auto","background-attachment":"scroll","background-type":"","background-media":"","overlay-type":"","overlay-color":"","overlay-opacity":"","overlay-gradient":""},"tablet":{"background-color":"","background-image":"","background-repeat":"repeat","background-position":"center center","background-size":"auto","background-attachment":"scroll","background-type":"","background-media":"","overlay-type":"","overlay-color":"","overlay-opacity":"","overlay-gradient":""},"mobile":{"background-color":"","background-image":"","background-repeat":"repeat","background-position":"center center","background-size":"auto","background-attachment":"scroll","background-type":"","background-media":"","overlay-type":"","overlay-color":"","overlay-opacity":"","overlay-gradient":""}},"ast-content-background-meta":{"desktop":{"background-color":"var(--ast-global-color-5)","background-image":"","background-repeat":"repeat","background-position":"center center","background-size":"auto","background-attachment":"scroll","background-type":"","background-media":"","overlay-type":"","overlay-color":"","overlay-opacity":"","overlay-gradient":""},"tablet":{"background-color":"var(--ast-global-color-5)","background-image":"","background-repeat":"repeat","background-position":"center center","background-size":"auto","background-attachment":"scroll","background-type":"","background-media":"","overlay-type":"","overlay-color":"","overlay-opacity":"","overlay-gradient":""},"mobile":{"background-color":"var(--ast-global-color-5)","background-image":"","background-repeat":"repeat","background-position":"center center","background-size":"auto","background-attachment":"scroll","background-type":"","background-media":"","overlay-type":"","overlay-color":"","overlay-opacity":"","overlay-gradient":""}},"_joinchat":[],"footnotes":""},"class_list":["post-5757","page","type-page","status-publish","hentry"],"jetpack_sharing_enabled":true,"_links":{"self":[{"href":"https:\/\/i5media.com.br\/techtouch\/wp-json\/wp\/v2\/pages\/5757","targetHints":{"allow":["GET"]}}],"collection":[{"href":"https:\/\/i5media.com.br\/techtouch\/wp-json\/wp\/v2\/pages"}],"about":[{"href":"https:\/\/i5media.com.br\/techtouch\/wp-json\/wp\/v2\/types\/page"}],"author":[{"embeddable":true,"href":"https:\/\/i5media.com.br\/techtouch\/wp-json\/wp\/v2\/users\/1"}],"replies":[{"embeddable":true,"href":"https:\/\/i5media.com.br\/techtouch\/wp-json\/wp\/v2\/comments?post=5757"}],"version-history":[{"count":10,"href":"https:\/\/i5media.com.br\/techtouch\/wp-json\/wp\/v2\/pages\/5757\/revisions"}],"predecessor-version":[{"id":5988,"href":"https:\/\/i5media.com.br\/techtouch\/wp-json\/wp\/v2\/pages\/5757\/revisions\/5988"}],"up":[{"embeddable":true,"href":"https:\/\/i5media.com.br\/techtouch\/wp-json\/wp\/v2\/pages\/5682"}],"wp:attachment":[{"href":"https:\/\/i5media.com.br\/techtouch\/wp-json\/wp\/v2\/media?parent=5757"}],"curies":[{"name":"wp","href":"https:\/\/api.w.org\/{rel}","templated":true}]}}