{"id":5682,"date":"2025-04-16T12:26:46","date_gmt":"2025-04-16T15:26:46","guid":{"rendered":"https:\/\/i5media.com.br\/techtouch\/?page_id=5682"},"modified":"2025-05-26T19:20:33","modified_gmt":"2025-05-26T22:20:33","slug":"nossos-produtos","status":"publish","type":"page","link":"https:\/\/i5media.com.br\/techtouch\/nossos-produtos\/","title":{"rendered":"Nossos Produtos"},"content":{"rendered":"\t\t<div data-elementor-type=\"wp-post\" data-elementor-id=\"5682\" class=\"elementor elementor-5682\" data-elementor-post-type=\"page\">\n\t\t\t\t<div class=\"elementor-element elementor-element-dfdc5a6 e-flex e-con-boxed e-con e-parent\" data-id=\"dfdc5a6\" data-element_type=\"container\" data-settings=\"{&quot;background_background&quot;:&quot;classic&quot;}\">\n\t\t\t\t\t<div class=\"e-con-inner\">\n\t\t<div class=\"elementor-element elementor-element-1eaf493 e-con-full e-flex e-con e-child\" data-id=\"1eaf493\" data-element_type=\"container\">\n\t\t\t\t<div class=\"elementor-element elementor-element-2ea6a7d elementor-widget elementor-widget-heading\" data-id=\"2ea6a7d\" data-element_type=\"widget\" data-widget_type=\"heading.default\">\n\t\t\t\t<div class=\"elementor-widget-container\">\n\t\t\t\t\t<h1 class=\"elementor-heading-title elementor-size-default\">NOSSOS PRODUTOS<\/h1>\t\t\t\t<\/div>\n\t\t\t\t<\/div>\n\t\t\t\t<\/div>\n\t\t\t\t\t<\/div>\n\t\t\t\t<\/div>\n\t\t<div class=\"elementor-element elementor-element-748980c e-flex e-con-boxed e-con e-parent\" data-id=\"748980c\" data-element_type=\"container\" data-settings=\"{&quot;background_background&quot;:&quot;classic&quot;}\">\n\t\t\t\t\t<div class=\"e-con-inner\">\n\t\t<div class=\"elementor-element elementor-element-9945606 e-con-full e-flex e-con e-child\" data-id=\"9945606\" data-element_type=\"container\">\n\t\t\t\t<div class=\"elementor-element elementor-element-fe4d709 elementor-widget elementor-widget-text-editor\" data-id=\"fe4d709\" data-element_type=\"widget\" data-widget_type=\"text-editor.default\">\n\t\t\t\t<div class=\"elementor-widget-container\">\n\t\t\t\t\t\t\t\t\t<p>A tecnologia touchscreen em monitores tem a finalidade de oferecer uma interface de usu\u00e1rio mais intuitiva, interativa e simples.<\/p><p>\u00c9 bastante \u00fatil em aplicativos educacionais, apresenta\u00e7\u00f5es interativas e em setores como varejo e automa\u00e7\u00e3o comercial e industrial.<\/p><p>Desenvolvemos conforme a sua necessidade, fale conosco.<\/p><p><strong>Trabalhamos com:<\/strong><br \/>&#8211; Kit\u2019s Touch (Tela Touchscreen + Cabo + Controladora)<br \/>&#8211; Monitor Touchscreen Completo<\/p><p><strong>Nos tamanhos:<\/strong> 17\u2019, 18.5\u2019, 19\u2019, 21.5\u2019, 24\u2019, 27\u2019, 32\u2019 e 43\u2019 polegadas.<\/p><p><strong>Temos as tecnologias:<\/strong> SAW, Infrared e PCAP.<\/p><p><strong>Poss\u00edveis aplica\u00e7\u00f5es:<\/strong><br \/>Totens , quiosques, Sportsbook , loterias, entretenimento de games, Terminais de consulta, atendimento e trabalho, Vendas de Tickets, Radiodifus\u00e3o, Cat\u00e1logos eletr\u00f4nicos.<br \/>E muito mais \u2026<\/p>\t\t\t\t\t\t\t\t<\/div>\n\t\t\t\t<\/div>\n\t\t\t\t<\/div>\n\t\t<div class=\"elementor-element elementor-element-f499284 e-con-full e-flex e-con e-child\" data-id=\"f499284\" data-element_type=\"container\">\n\t\t\t\t<div class=\"elementor-element elementor-element-12d7e03 elementor-widget elementor-widget-image\" data-id=\"12d7e03\" data-element_type=\"widget\" data-widget_type=\"image.default\">\n\t\t\t\t<div class=\"elementor-widget-container\">\n\t\t\t\t\t\t\t\t\t\t\t\t\t\t\t<img fetchpriority=\"high\" decoding=\"async\" width=\"519\" height=\"513\" src=\"https:\/\/i5media.com.br\/techtouch\/wp-content\/uploads\/2025\/03\/sobre-nos.png\" class=\"attachment-large size-large wp-image-5454\" alt=\"\" srcset=\"https:\/\/i5media.com.br\/techtouch\/wp-content\/uploads\/2025\/03\/sobre-nos.png 519w, https:\/\/i5media.com.br\/techtouch\/wp-content\/uploads\/2025\/03\/sobre-nos-100x100.png 100w, https:\/\/i5media.com.br\/techtouch\/wp-content\/uploads\/2025\/03\/sobre-nos-300x297.png 300w\" sizes=\"(max-width: 519px) 100vw, 519px\" \/>\t\t\t\t\t\t\t\t\t\t\t\t\t\t\t<\/div>\n\t\t\t\t<\/div>\n\t\t\t\t<\/div>\n\t\t\t\t\t<\/div>\n\t\t\t\t<\/div>\n\t\t\t\t<\/div>\n\t\t","protected":false},"excerpt":{"rendered":"<p>NOSSOS PRODUTOS A tecnologia touchscreen em monitores tem a finalidade de oferecer uma interface de usu\u00e1rio mais intuitiva, interativa e simples. \u00c9 bastante \u00fatil em aplicativos educacionais, apresenta\u00e7\u00f5es interativas e em setores como varejo e automa\u00e7\u00e3o comercial e industrial. Desenvolvemos conforme a sua necessidade, fale conosco. Trabalhamos com:&#8211; Kit\u2019s Touch (Tela Touchscreen + Cabo + [&hellip;]<\/p>\n","protected":false},"author":1,"featured_media":0,"parent":0,"menu_order":0,"comment_status":"closed","ping_status":"closed","template":"","meta":{"site-sidebar-layout":"no-sidebar","site-content-layout":"page-builder","ast-site-content-layout":"full-width-container","site-content-style":"unboxed","site-sidebar-style":"unboxed","ast-global-header-display":"","ast-banner-title-visibility":"","ast-main-header-display":"","ast-hfb-above-header-display":"","ast-hfb-below-header-display":"","ast-hfb-mobile-header-display":"","site-post-title":"disabled","ast-breadcrumbs-content":"","ast-featured-img":"disabled","footer-sml-layout":"","theme-transparent-header-meta":"enabled","adv-header-id-meta":"","stick-header-meta":"","header-above-stick-meta":"","header-main-stick-meta":"","header-below-stick-meta":"","astra-migrate-meta-layouts":"set","ast-page-background-enabled":"default","ast-page-background-meta":{"desktop":{"background-color":"","background-image":"","background-repeat":"repeat","background-position":"center center","background-size":"auto","background-attachment":"scroll","background-type":"","background-media":"","overlay-type":"","overlay-color":"","overlay-opacity":"","overlay-gradient":""},"tablet":{"background-color":"","background-image":"","background-repeat":"repeat","background-position":"center center","background-size":"auto","background-attachment":"scroll","background-type":"","background-media":"","overlay-type":"","overlay-color":"","overlay-opacity":"","overlay-gradient":""},"mobile":{"background-color":"","background-image":"","background-repeat":"repeat","background-position":"center center","background-size":"auto","background-attachment":"scroll","background-type":"","background-media":"","overlay-type":"","overlay-color":"","overlay-opacity":"","overlay-gradient":""}},"ast-content-background-meta":{"desktop":{"background-color":"var(--ast-global-color-5)","background-image":"","background-repeat":"repeat","background-position":"center center","background-size":"auto","background-attachment":"scroll","background-type":"","background-media":"","overlay-type":"","overlay-color":"","overlay-opacity":"","overlay-gradient":""},"tablet":{"background-color":"var(--ast-global-color-5)","background-image":"","background-repeat":"repeat","background-position":"center center","background-size":"auto","background-attachment":"scroll","background-type":"","background-media":"","overlay-type":"","overlay-color":"","overlay-opacity":"","overlay-gradient":""},"mobile":{"background-color":"var(--ast-global-color-5)","background-image":"","background-repeat":"repeat","background-position":"center center","background-size":"auto","background-attachment":"scroll","background-type":"","background-media":"","overlay-type":"","overlay-color":"","overlay-opacity":"","overlay-gradient":""}},"_joinchat":[],"footnotes":""},"class_list":["post-5682","page","type-page","status-publish","hentry"],"jetpack_sharing_enabled":true,"_links":{"self":[{"href":"https:\/\/i5media.com.br\/techtouch\/wp-json\/wp\/v2\/pages\/5682","targetHints":{"allow":["GET"]}}],"collection":[{"href":"https:\/\/i5media.com.br\/techtouch\/wp-json\/wp\/v2\/pages"}],"about":[{"href":"https:\/\/i5media.com.br\/techtouch\/wp-json\/wp\/v2\/types\/page"}],"author":[{"embeddable":true,"href":"https:\/\/i5media.com.br\/techtouch\/wp-json\/wp\/v2\/users\/1"}],"replies":[{"embeddable":true,"href":"https:\/\/i5media.com.br\/techtouch\/wp-json\/wp\/v2\/comments?post=5682"}],"version-history":[{"count":10,"href":"https:\/\/i5media.com.br\/techtouch\/wp-json\/wp\/v2\/pages\/5682\/revisions"}],"predecessor-version":[{"id":5901,"href":"https:\/\/i5media.com.br\/techtouch\/wp-json\/wp\/v2\/pages\/5682\/revisions\/5901"}],"wp:attachment":[{"href":"https:\/\/i5media.com.br\/techtouch\/wp-json\/wp\/v2\/media?parent=5682"}],"curies":[{"name":"wp","href":"https:\/\/api.w.org\/{rel}","templated":true}]}}